{"id":9,"date":"2014-06-17T16:30:11","date_gmt":"2014-06-17T14:30:11","guid":{"rendered":"http:\/\/nyksundretreat.com\/?page_id=9"},"modified":"2026-04-08T22:00:52","modified_gmt":"2026-04-08T20:00:52","slug":"forside","status":"publish","type":"page","link":"https:\/\/nyksundretreat.com\/en\/","title":{"rendered":"About Nyksund Course &amp; Retreat Center"},"content":{"rendered":"<h3><strong><em><span id=\"result_box\" class=\"\" lang=\"en\"><span class=\"\">Welcome to<\/span> <span class=\"\">NYKSUND<\/span> COURSE &amp; RETREAT CENTER &#8211; meeting point for creativity, <span class=\"\">spirituality<\/span> and <span class=\"\">recreation!<\/span><\/span><\/em><\/strong><\/p>\n<p><a href=\"http:\/\/nyksundretreat.com\/wp-content\/uploads\/2015\/07\/2015-07-14-17-17-5504-K5-1-2.jpg\"><img loading=\"lazy\" decoding=\"async\" class=\"aligncenter size-large wp-image-1557\" src=\"http:\/\/nyksundretreat.com\/wp-content\/uploads\/2015\/07\/2015-07-14-17-17-5504-K5-1-2-1240x1144.jpg\" alt=\"2015-07-14-17-17-5504-K5-1-2\" width=\"474\" height=\"437\" srcset=\"https:\/\/nyksundretreat.com\/wp-content\/uploads\/2015\/07\/2015-07-14-17-17-5504-K5-1-2-1240x1144.jpg 1240w, https:\/\/nyksundretreat.com\/wp-content\/uploads\/2015\/07\/2015-07-14-17-17-5504-K5-1-2-300x276.jpg 300w, https:\/\/nyksundretreat.com\/wp-content\/uploads\/2015\/07\/2015-07-14-17-17-5504-K5-1-2.jpg 1280w\" sizes=\"auto, (max-width: 474px) 100vw, 474px\" \/><\/a><\/p>\n<p><a href=\"http:\/\/nyksundretreat.com\/wp-content\/uploads\/2014\/06\/2012-08-23-1432D-6258-md.jpg\"><img loading=\"lazy\" decoding=\"async\" class=\"aligncenter wp-image-1277 size-full\" src=\"http:\/\/nyksundretreat.com\/wp-content\/uploads\/2014\/06\/2012-08-23-1432D-6258-md.jpg\" alt=\"2012-08-23-1432D-6258-md\" width=\"900\" height=\"602\" srcset=\"https:\/\/nyksundretreat.com\/wp-content\/uploads\/2014\/06\/2012-08-23-1432D-6258-md.jpg 900w, https:\/\/nyksundretreat.com\/wp-content\/uploads\/2014\/06\/2012-08-23-1432D-6258-md-300x200.jpg 300w\" sizes=\"auto, (max-width: 900px) 100vw, 900px\" \/><\/a><\/p>\n<p><iframe loading=\"lazy\" style=\"border: 0;\" src=\"https:\/\/www.google.com\/maps\/embed?pb=!1m18!1m12!1m3!1d13734774.396663914!2d10.617967350000011!3d65.15141542048448!2m3!1f0!2f0!3f0!3m2!1i1024!2i768!4f13.1!3m3!1m2!1s0x45ddaa63677f4cc7%3A0x65f65882802a084a!2sNyksund!5e0!3m2!1sno!2sno!4v1418307553205\" width=\"600\" height=\"450\" frameborder=\"0\"><\/iframe><\/p>\n<p><a href=\"http:\/\/nyksundretreat.com\/wp-content\/uploads\/2014\/06\/Kart-Nyksund-1-2000-m-markering-4.jpg\"><img loading=\"lazy\" decoding=\"async\" class=\"aligncenter size-large wp-image-1186\" src=\"http:\/\/nyksundretreat.com\/wp-content\/uploads\/2014\/06\/Kart-Nyksund-1-2000-m-markering-4-1240x768.jpg\" alt=\"Kart Nyksund 1-2000 m markering 4\" width=\"474\" height=\"293\" srcset=\"https:\/\/nyksundretreat.com\/wp-content\/uploads\/2014\/06\/Kart-Nyksund-1-2000-m-markering-4-1240x768.jpg 1240w, https:\/\/nyksundretreat.com\/wp-content\/uploads\/2014\/06\/Kart-Nyksund-1-2000-m-markering-4-300x186.jpg 300w\" sizes=\"auto, (max-width: 474px) 100vw, 474px\" \/><\/a><strong><span id=\"result_box\" class=\"\" lang=\"en\"><span title=\"NYKSUND KURS &amp; RETREATG\u00c5RD med Nyksund ART Gallery er et nytt kulturtilbud som ligger i det en gang fraflytta fiskev\u00e6ret Nyksund i Vester\u00e5len, like nord for Lofoten og ca 40 mil nord for Polarsirkelen. \">NYKSUND COURSE &amp; RETREATG\u00c5RD with Nyksund ART Gallery is a new cultural facilities located in the once deserted fishing village of Nyksund in Vester\u00e5len, just north of Lofoten and about 400 km north of the Arctic Circle.<\/span><\/span><\/strong><\/p>\n<p><span title=\"Nyksund - som har ca 15 fastboende p\u00e5 de to sm\u00e5 \u00f8yer - har de siste \u00e5rene f\u00e5tt nytt liv ved at kunstnere, musikere og andre kreative sjeler har sl\u00e5tt seg ned og latt seg inspirere av det storsl\u00e5tte naturen, og de alltid skiftende v\u00e6r- , vind\">Nyksund &#8211; which has about 15 residents on the two small islands &#8211; has recently been given a new life by the artists, musicians and other creative souls who have settled and been inspired by the magnificent scenery and the always-changing weather, wind <\/span><span title=\"- og lysforhold.\">&#8211; and lighting. <\/span><span title=\"Flere har skapt sine egne arbeidsplasser innenfor kunst, kultur og reiseliv, og gir dermed et vesentlig bidrar til stedets varierende kunst- og kulturtilbud. \">Several people have created their own jobs in the arts, culture and tourism, thereby providing a substantially contribution to the site&#8217;s varying artistic and cultural offerings.<\/span><\/p>\n<p><span title=\"Med Nyksund som utgangspunkt er det ogs\u00e5 mulig \u00e5 vandre \u00abDronningruta\u00bb - oppkalt etter H.M.\">With Nyksund as a starting point it is also possible to hike &#8220;Dronningruta&#8221; &#8211; &#8220;The Queens Route&#8221; &#8211; named after H. M. <\/span><span title=\"Dronning Sonja som har vandret den flere ganger - og som i 2012 ble k\u00e5ret til Norges vakreste turl\u00f8ype. \">Queen Sonja who has walked it several times &#8211; and which in 2012 was voted the most beautiful hiking trail in Norway.<\/span><\/p>\n<p><span title=\"Nyksund Kurs &amp; Retreatg\u00e5rd er et hel\u00e5rs\u00e5pent tilbud, og tilbyr bl.a.\">Nyksund Course &amp; Retreat Center is open all-year round and offers, among other things, <\/span><span title=\"overnatting, kunstutstillinger, retreater, workshops, kurs m.m.\">accommodation, art exhibitions, retreats, workshops, courses etc. <\/span><span title=\"for grupper, enkeltpersoner og andre som s\u00f8ker inspirasjon utenom det vanlige. \">for groups, individuals and others seeking inspiration outside the ordinary.<br \/>\n<\/span><\/p>\n<p><span title=\"Virksomheten holder til i 2 bygninger et steinkast fra Nyksund havn: Hovedbygningen, som er Nyksunds eldste bolighus fra 1881, inneholder bl.a.\">The business is housed in two buildings a stone&#8217;s throw from Nyksund harbor: The main building, which is Nyksund oldest residential building from 1881, includes\u00a0 <\/span><span title=\"5 soverom\/12 senger\/14 sengeplasser og er spesielt tilrettelagt for mindre kurs og konferanser.\">5 bedrooms \/ 14 beds and is particularly suitable for smaller conferences. <\/span><span title=\"\u00abDet gamle Bakeriet\u00bb vis a vis fra 1930-\u00e5rene, inneholder bl.a.\">&#8220;The old bakery&#8221; vis a vis from the 1930&#8217;s, includes an <\/span><span title=\"kunstgalleri, arkitektkontor, og gjesteatelier\/leilighet med 3 soverom\/6 senger. \">art gallery, architectural office and a guest studio \/ apartment with 3 bedrooms \/ 6 beds.<\/span><\/p>\n<p><span title=\"Nyksund Kurs &amp; Retreatg\u00e5rd kan dermed tilby overnatting for inntil 20 gjester, med mulighet for felles m\u00e5ltider for samtlige gjester i hovedbygningen (selvhusholdning, catering, e.l.) \">Nyksund Courses &amp; Retreat Center can offer accommodation for up to 20 guests, with the possibility of communal meals for all guests in the main building (self-catering, caterers, or the like)<\/span><\/p>\n<p><span title=\"Begge bygningene har gjennomg\u00e5tt betydelige ombyggings- og oppussingsarbeider de siste to \u00e5rene, og der form og farger, tradisjon og innovative elementer, g\u00e5r h\u00e5nd i h\u00e5nd.\">Both buildings have undergone major reconstruction and renovation work over the past two years, where form and color, tradition and innovative elements go hand in hand. <\/span><span title=\"For eksempel er vinterlysets mange nyanser og skiftninger fors\u00f8kt gjenskapt i interi\u00f8ret og det store trappemaleriet, &quot;Nordlyset - englene synlig spr\u00e5k&quot;, i hovedbygningen. \">In the main building, the winter light&#8217;s many nuances and shifts are attempted recreated in the interior and the large stairway painting, &#8220;Northern Lights &#8211; angels visible language&#8221; .<\/span><\/p>\n<p><span title=\"Dette gj\u00f8r at Nyksund Kurs &amp; Retreatg\u00e5rd i dag fremst\u00e5r som en liten perle med sin egen energi og atmosf\u00e6re - omgitt av spektakul\u00e6re omgivelser med varierte og spennende kulturuttrykk. \">This makes Nyksund Courses &amp; Retreatg\u00e5rd today to stand out as a little gem with its own energy and atmosphere &#8211; surrounded by spectacular scenery with varied and exciting cultural expressions.<\/span><\/p>\n<p><span title=\"Hovedbygningen (ca 150 m2) inneholder 5 soverom med totalt 12 senger av god kvalitet, 2 stuer\/ konferanserom med peis og piano, moderne kj\u00f8kken med peis, 2 bad med dusj og vaskemaskin, romslig entre med t\u00f8rkeskap, dim-belysning i de fleste rom\">The main building (approximately 150 m2) contains 5 bedrooms with a total of 12 quality beds, 2 living rooms \/ conference rooms with fireplace and piano, a modern kitchen with fireplace, 2 bathrooms with shower and washing machine, spacious entrance hall with drying cupboard, dim lighting in most rooms <\/span><span title=\", samt 3 terrasser og havutsikt. \">3 terraces and sea views.<\/span><\/p>\n<p><span title=\"Det gamle Bakeriet (ca 120 m2) inneholder utstillingslokaler\/konferanserom\/meditasjonsrom og arkitektkontor i 1. etasje, samt gjesteatelier\/retreat- og ferieleilighet i 2. etasje med 3 dobbeltrom, et lite kj\u00f8kken, bad med badekar og vaskemaskin, samt stue med spisebord\">The old bakery (about 120 m2) contains showrooms \/ conference \/ meditation room and architectural office on the ground floor, as well as residency \/ retreat- and holiday apartment on the 1st floor with 3 double rooms, a small kitchen, bathroom with bath and washing machine, and a living room with dining table <\/span><span title=\", peis og glassvegg ut til balkongen med den meste spektakul\u00e6re utsikten i hele Nyksund! \">, fireplace and glass wall out to the balcony with one of the most spectacular views in all Nyksund!<\/span><\/p>\n<p><span title=\"Merk: Begge bygningene egner seg ogs\u00e5 godt til intimkonserter, som selskapslokaler, og som kunstnerbolig! \">Note: Both buildings are also well suited for small concerts as well as banqueting, and as an artist residence!<\/span><\/p>\n<p><span title=\"Daglig leder, gallerist og eier av NYKSUND KURS &amp; RETREATG\u00c5RD er Marie Elisabeth Mjaaland.\">CEO, gallerist and owner of NYKSUND COURSE &amp; RETREAT CENTER is\u00a0 Marie Elisabeth Mjaaland. <\/span><span title=\"Hun er utdannet sivil\u00f8konom, filosof og prest, med bl.a.\">She holds an MBA, and is in addition educated as philosopher and priest, and has an <\/span><span title=\"mellomfag i kunsthistorie. \">intermediate exam in art history.<\/span><\/p>\n<p><span title=\"I tillegg til skreddersydde retreater, workshops, foredrag o.l.\">In addition to customized retreats, workshops, lectures and the like,\u00a0<\/span><span title=\", tilbyr Marie ogs\u00e5 spirituell veiledning \/ personlig samtale og undervisning for den som m\u00e5tte \u00f8nske det. \"> Marie also offers spiritual guidance \/ personal conversation and lessons for those who want it.<\/span><\/p>\n<p><span title=\"Marie har dype innsikter i s\u00e5 vel kristen mystikk som moderne spiritualitet, og de utfordringer den enkelte og menneskehetens st\u00e5r overfor i dag. \">Marie has deep insights into both Christian mysticism and modern spirituality, and into the challenges the individual and the Humanity faces today.<\/span><\/p>\n<p><span title=\"I Nyksund er det lett \u00e5 senke skuldrene, la hverdagslivets bekymringer ligge, og bare v\u00e6re til ... :-) \">In Nyksund it is easy to lower your shoulders, let everyday worries lie, and just be &#8230; \ud83d\ude42<\/span><\/p>\n<p><span title=\"For mer informasjon og booking: \">For more information and booking:<\/span><\/p>\n<p><span title=\"Hjemmeside: www.nyksundretreat.com \">Homepage: www.nyksundretreat.com<br \/>\n<\/span><span title=\"E-post: post@nyksundretreat.com \">Email: post@nyksundretreat.com<br \/>\n<\/span><span title=\"Telefon: + 47 99 38 12 77. \">Phone: + 47 99 38 12 77.<\/span><\/p>\n<p><span title=\"Bes\u00f8k gjerne v\u00e5r Facebookside her \">For more information see tabs &#8220;Products and Services&#8221; and our Facebook page <a href=\"https:\/\/www.facebook.com\/Nyksund-Kurs-Retreatg%C3%A5rd-1492966024251357\/\">here<\/a><\/span><\/p>\n<p><span title=\"Her er noen bilder fra hovedbygningen\/retreatg\u00e5rden:\">Here are some pictures from the main building \/ The Retreat Center&#8230; \ud83d\ude42<br \/>\n<\/span><\/p>\n<p><strong><a href=\"http:\/\/nyksundretreat.com\/wp-content\/uploads\/2014\/06\/4-Konferanserom-m-peis.jpg\"><img loading=\"lazy\" decoding=\"async\" class=\"aligncenter wp-image-591 size-full\" src=\"http:\/\/nyksundretreat.com\/wp-content\/uploads\/2014\/06\/4-Konferanserom-m-peis.jpg\" alt=\"4 - Konferanserom m peis\" width=\"1240\" height=\"821\" srcset=\"https:\/\/nyksundretreat.com\/wp-content\/uploads\/2014\/06\/4-Konferanserom-m-peis.jpg 1240w, https:\/\/nyksundretreat.com\/wp-content\/uploads\/2014\/06\/4-Konferanserom-m-peis-300x198.jpg 300w\" sizes=\"auto, (max-width: 1240px) 100vw, 1240px\" \/><\/a><\/strong><\/p>\n<figure id=\"attachment_57\" aria-describedby=\"caption-attachment-57\" style=\"width: 1240px\" class=\"wp-caption aligncenter\"><a href=\"http:\/\/nyksundretreat.com\/wp-content\/uploads\/2014\/06\/2014-06-15-13-42-2314-K5II-9.jpg\"><img loading=\"lazy\" decoding=\"async\" class=\"wp-image-57 size-full\" src=\"http:\/\/nyksundretreat.com\/wp-content\/uploads\/2014\/06\/2014-06-15-13-42-2314-K5II-9.jpg\" alt=\"Oppholdsrommene\" width=\"1240\" height=\"836\" srcset=\"https:\/\/nyksundretreat.com\/wp-content\/uploads\/2014\/06\/2014-06-15-13-42-2314-K5II-9.jpg 1240w, https:\/\/nyksundretreat.com\/wp-content\/uploads\/2014\/06\/2014-06-15-13-42-2314-K5II-9-300x202.jpg 300w\" sizes=\"auto, (max-width: 1240px) 100vw, 1240px\" \/><\/a><figcaption id=\"caption-attachment-57\" class=\"wp-caption-text\">Living rooms in teh ground floor<\/figcaption><\/figure>\n<figure id=\"attachment_422\" aria-describedby=\"caption-attachment-422\" style=\"width: 1240px\" class=\"wp-caption aligncenter\"><a href=\"http:\/\/nyksundretreat.com\/wp-content\/uploads\/2014\/07\/Kj\u00f8kken-med-peis.jpg\"><img loading=\"lazy\" decoding=\"async\" class=\"wp-image-422 size-full\" src=\"http:\/\/nyksundretreat.com\/wp-content\/uploads\/2014\/07\/Kj\u00f8kken-med-peis.jpg\" alt=\"Kj\u00f8kken med peis\" width=\"1240\" height=\"821\" srcset=\"https:\/\/nyksundretreat.com\/wp-content\/uploads\/2014\/07\/Kj\u00f8kken-med-peis.jpg 1240w, https:\/\/nyksundretreat.com\/wp-content\/uploads\/2014\/07\/Kj\u00f8kken-med-peis-300x198.jpg 300w\" sizes=\"auto, (max-width: 1240px) 100vw, 1240px\" \/><\/a><figcaption id=\"caption-attachment-422\" class=\"wp-caption-text\">Kitchen with fireplace<\/figcaption><\/figure>\n<p><a href=\"http:\/\/nyksundretreat.com\/wp-content\/uploads\/2014\/06\/2014-06-15-12-56-2267-K5II-1.jpg\"><img loading=\"lazy\" decoding=\"async\" class=\"aligncenter wp-image-49 size-full\" src=\"http:\/\/nyksundretreat.com\/wp-content\/uploads\/2014\/06\/2014-06-15-12-56-2267-K5II-1.jpg\" alt=\"Hall og soverom i 2. etasje\" width=\"1240\" height=\"786\" srcset=\"https:\/\/nyksundretreat.com\/wp-content\/uploads\/2014\/06\/2014-06-15-12-56-2267-K5II-1.jpg 1240w, https:\/\/nyksundretreat.com\/wp-content\/uploads\/2014\/06\/2014-06-15-12-56-2267-K5II-1-300x190.jpg 300w\" sizes=\"auto, (max-width: 1240px) 100vw, 1240px\" \/><\/a><\/p>\n<p><a href=\"http:\/\/nyksundretreat.com\/wp-content\/uploads\/2014\/07\/7-Trapperom-med-nordlysmaleri.jpg\"><img loading=\"lazy\" decoding=\"async\" class=\"aligncenter wp-image-443 size-large\" src=\"http:\/\/nyksundretreat.com\/wp-content\/uploads\/2014\/07\/7-Trapperom-med-nordlysmaleri-821x1240.jpg\" alt=\"7 - Trapperom med nordlysmaleri\" width=\"474\" height=\"715\" srcset=\"https:\/\/nyksundretreat.com\/wp-content\/uploads\/2014\/07\/7-Trapperom-med-nordlysmaleri-821x1240.jpg 821w, https:\/\/nyksundretreat.com\/wp-content\/uploads\/2014\/07\/7-Trapperom-med-nordlysmaleri-198x300.jpg 198w, https:\/\/nyksundretreat.com\/wp-content\/uploads\/2014\/07\/7-Trapperom-med-nordlysmaleri.jpg 1060w\" sizes=\"auto, (max-width: 474px) 100vw, 474px\" \/><\/a><\/p>\n<p><a href=\"http:\/\/nyksundretreat.com\/wp-content\/uploads\/2014\/06\/Withgarden_startrails_1200.jpg\"><img loading=\"lazy\" decoding=\"async\" class=\"wp-image-4 size-large\" src=\"http:\/\/nyksundretreat.com\/wp-content\/uploads\/2014\/06\/Withgarden_startrails_1200-822x1024.jpg\" alt=\"Withgarden_startrails_1200\" width=\"474\" height=\"590\" srcset=\"https:\/\/nyksundretreat.com\/wp-content\/uploads\/2014\/06\/Withgarden_startrails_1200-822x1024.jpg 822w, https:\/\/nyksundretreat.com\/wp-content\/uploads\/2014\/06\/Withgarden_startrails_1200-241x300.jpg 241w, https:\/\/nyksundretreat.com\/wp-content\/uploads\/2014\/06\/Withgarden_startrails_1200.jpg 964w\" sizes=\"auto, (max-width: 474px) 100vw, 474px\" \/><\/a><\/p>\n<p><em>Star trails over Nyksund Course &amp; Retreat Center Photo: Svein Erik T\u00f8ien<br \/>\n<\/em><\/p>\n<p><em>And here are some images from The Retreat Apartment in The Old Bakery &#8211; above Nyksund ART Gallery&#8230; \ud83d\ude42<br \/>\n<\/em><\/p>\n<p><img loading=\"lazy\" decoding=\"async\" class=\"aligncenter size-large wp-image-1610\" src=\"http:\/\/nyksundretreat.com\/wp-content\/uploads\/2015\/08\/Utsikt-fra-Bakeriet-2015-07-29-930x1240.jpg\" alt=\"Utsikt fra Bakeriet 2015-07-29\" width=\"474\" height=\"632\" srcset=\"https:\/\/nyksundretreat.com\/wp-content\/uploads\/2015\/08\/Utsikt-fra-Bakeriet-2015-07-29-930x1240.jpg 930w, https:\/\/nyksundretreat.com\/wp-content\/uploads\/2015\/08\/Utsikt-fra-Bakeriet-2015-07-29-225x300.jpg 225w\" sizes=\"auto, (max-width: 474px) 100vw, 474px\" \/><img loading=\"lazy\" decoding=\"async\" class=\"aligncenter size-large wp-image-2495\" src=\"http:\/\/nyksundretreat.com\/wp-content\/uploads\/2015\/10\/2016-06-08-22-12-8031-K5II-HDR-7-1240x821.jpg\" alt=\"2016-06-08-22-12-8031-K5II-HDR-7\" width=\"474\" height=\"314\" srcset=\"https:\/\/nyksundretreat.com\/wp-content\/uploads\/2015\/10\/2016-06-08-22-12-8031-K5II-HDR-7-1240x821.jpg 1240w, https:\/\/nyksundretreat.com\/wp-content\/uploads\/2015\/10\/2016-06-08-22-12-8031-K5II-HDR-7-300x198.jpg 300w, https:\/\/nyksundretreat.com\/wp-content\/uploads\/2015\/10\/2016-06-08-22-12-8031-K5II-HDR-7.jpg 1280w\" sizes=\"auto, (max-width: 474px) 100vw, 474px\" \/><img loading=\"lazy\" decoding=\"async\" class=\"aligncenter size-large wp-image-2497\" src=\"http:\/\/nyksundretreat.com\/wp-content\/uploads\/2015\/10\/2016-06-08-21-57-8011-K5II-HDR-1-1240x821.jpg\" alt=\"2016-06-08-21-57-8011-K5II-HDR-1\" width=\"474\" height=\"314\" srcset=\"https:\/\/nyksundretreat.com\/wp-content\/uploads\/2015\/10\/2016-06-08-21-57-8011-K5II-HDR-1-1240x821.jpg 1240w, https:\/\/nyksundretreat.com\/wp-content\/uploads\/2015\/10\/2016-06-08-21-57-8011-K5II-HDR-1-300x198.jpg 300w, https:\/\/nyksundretreat.com\/wp-content\/uploads\/2015\/10\/2016-06-08-21-57-8011-K5II-HDR-1.jpg 1280w\" sizes=\"auto, (max-width: 474px) 100vw, 474px\" \/><img loading=\"lazy\" decoding=\"async\" class=\"aligncenter size-large wp-image-2496\" src=\"http:\/\/nyksundretreat.com\/wp-content\/uploads\/2015\/10\/2016-06-08-22-01-8017-K5II-HDR-3-1240x821.jpg\" alt=\"2016-06-08-22-01-8017-K5II-HDR-3\" width=\"474\" height=\"314\" srcset=\"https:\/\/nyksundretreat.com\/wp-content\/uploads\/2015\/10\/2016-06-08-22-01-8017-K5II-HDR-3-1240x821.jpg 1240w, https:\/\/nyksundretreat.com\/wp-content\/uploads\/2015\/10\/2016-06-08-22-01-8017-K5II-HDR-3-300x198.jpg 300w, https:\/\/nyksundretreat.com\/wp-content\/uploads\/2015\/10\/2016-06-08-22-01-8017-K5II-HDR-3.jpg 1280w\" sizes=\"auto, (max-width: 474px) 100vw, 474px\" \/><img loading=\"lazy\" decoding=\"async\" class=\"aligncenter size-large wp-image-2504\" src=\"http:\/\/nyksundretreat.com\/wp-content\/uploads\/2015\/10\/2016-06-08-22-04-8021-K5II-5-1240x821.jpg\" alt=\"2016-06-08-22-04-8021-K5II-5\" width=\"474\" height=\"314\" srcset=\"https:\/\/nyksundretreat.com\/wp-content\/uploads\/2015\/10\/2016-06-08-22-04-8021-K5II-5-1240x821.jpg 1240w, https:\/\/nyksundretreat.com\/wp-content\/uploads\/2015\/10\/2016-06-08-22-04-8021-K5II-5-300x198.jpg 300w, https:\/\/nyksundretreat.com\/wp-content\/uploads\/2015\/10\/2016-06-08-22-04-8021-K5II-5.jpg 1280w\" sizes=\"auto, (max-width: 474px) 100vw, 474px\" \/><img loading=\"lazy\" decoding=\"async\" class=\"aligncenter size-large wp-image-2503\" src=\"http:\/\/nyksundretreat.com\/wp-content\/uploads\/2015\/10\/2016-06-08-22-22-8043-K5II-11-821x1240.jpg\" alt=\"2016-06-08-22-22-8043-K5II-11\" width=\"474\" height=\"716\" srcset=\"https:\/\/nyksundretreat.com\/wp-content\/uploads\/2015\/10\/2016-06-08-22-22-8043-K5II-11-821x1240.jpg 821w, https:\/\/nyksundretreat.com\/wp-content\/uploads\/2015\/10\/2016-06-08-22-22-8043-K5II-11-198x300.jpg 198w, https:\/\/nyksundretreat.com\/wp-content\/uploads\/2015\/10\/2016-06-08-22-22-8043-K5II-11.jpg 848w\" sizes=\"auto, (max-width: 474px) 100vw, 474px\" \/><img loading=\"lazy\" decoding=\"async\" class=\"aligncenter size-large wp-image-2498\" src=\"http:\/\/nyksundretreat.com\/wp-content\/uploads\/2015\/10\/20160608_215216-906x1240.jpg\" alt=\"20160608_215216\" width=\"474\" height=\"649\" srcset=\"https:\/\/nyksundretreat.com\/wp-content\/uploads\/2015\/10\/20160608_215216-906x1240.jpg 906w, https:\/\/nyksundretreat.com\/wp-content\/uploads\/2015\/10\/20160608_215216-219x300.jpg 219w\" sizes=\"auto, (max-width: 474px) 100vw, 474px\" \/><img loading=\"lazy\" decoding=\"async\" class=\"aligncenter size-large wp-image-3040\" src=\"http:\/\/nyksundretreat.com\/wp-content\/uploads\/2014\/06\/2016-06-08-22-19-8040-K5II-9-1240x822.jpg\" alt=\"2016-06-08-22-19-8040-K5II-9\" width=\"474\" height=\"314\" srcset=\"https:\/\/nyksundretreat.com\/wp-content\/uploads\/2014\/06\/2016-06-08-22-19-8040-K5II-9-1240x822.jpg 1240w, https:\/\/nyksundretreat.com\/wp-content\/uploads\/2014\/06\/2016-06-08-22-19-8040-K5II-9-300x199.jpg 300w, https:\/\/nyksundretreat.com\/wp-content\/uploads\/2014\/06\/2016-06-08-22-19-8040-K5II-9-768x509.jpg 768w, https:\/\/nyksundretreat.com\/wp-content\/uploads\/2014\/06\/2016-06-08-22-19-8040-K5II-9.jpg 1280w\" sizes=\"auto, (max-width: 474px) 100vw, 474px\" \/><img loading=\"lazy\" decoding=\"async\" class=\"aligncenter size-large wp-image-2507\" src=\"http:\/\/nyksundretreat.com\/wp-content\/uploads\/2015\/10\/2016-06-08-22-17-8037-K5II-HDR-8-1240x809.jpg\" alt=\"2016-06-08-22-17-8037-K5II-HDR-8\" width=\"474\" height=\"309\" srcset=\"https:\/\/nyksundretreat.com\/wp-content\/uploads\/2015\/10\/2016-06-08-22-17-8037-K5II-HDR-8-1240x809.jpg 1240w, https:\/\/nyksundretreat.com\/wp-content\/uploads\/2015\/10\/2016-06-08-22-17-8037-K5II-HDR-8-300x195.jpg 300w, https:\/\/nyksundretreat.com\/wp-content\/uploads\/2015\/10\/2016-06-08-22-17-8037-K5II-HDR-8.jpg 1280w\" sizes=\"auto, (max-width: 474px) 100vw, 474px\" \/><img loading=\"lazy\" decoding=\"async\" class=\"aligncenter size-full wp-image-1001\" src=\"http:\/\/nyksundretreat.com\/wp-content\/uploads\/2014\/11\/Nordlys-over-Det-gamle-bakeriet.jpg\" alt=\"Nordlys over Det gamle bakeriet\" width=\"686\" height=\"960\" srcset=\"https:\/\/nyksundretreat.com\/wp-content\/uploads\/2014\/11\/Nordlys-over-Det-gamle-bakeriet.jpg 686w, https:\/\/nyksundretreat.com\/wp-content\/uploads\/2014\/11\/Nordlys-over-Det-gamle-bakeriet-214x300.jpg 214w\" sizes=\"auto, (max-width: 686px) 100vw, 686px\" \/><\/p>\n<p><span style=\"border-radius: 2px; text-indent: 20px; width: auto; padding: 0px 4px 0px 0px; text-align: center; font: bold 11px\/20px 'Helvetica Neue',Helvetica,sans-serif; color: #ffffff; background: #bd081c no-repeat scroll 3px 50% \/ 14px 14px; position: absolute; opacity: 1; z-index: 8675309; display: none; cursor: pointer;\">Save<\/span><\/p>","protected":false},"excerpt":{"rendered":"<p>Welcome to NYKSUND COURSE &amp; RETREAT CENTER &#8211; meeting point for creativity, spirituality and recreation! NYKSUND COURSE &amp; RETREATG\u00c5RD with Nyksund ART Gallery is a new cultural facilities located in the once deserted fishing village of Nyksund in Vester\u00e5len, just north of Lofoten and about 400 km north of the Arctic Circle. Nyksund &#8211; which &hellip; <a href=\"https:\/\/nyksundretreat.com\/en\/\" class=\"more-link\">Continue reading <span class=\"screen-reader-text\">About Nyksund Course &amp; Retreat Center<\/span> <span class=\"meta-nav\">&rarr;<\/span><\/a><\/p>\n","protected":false},"author":1,"featured_media":0,"parent":177,"menu_order":2,"comment_status":"closed","ping_status":"closed","template":"","meta":{"footnotes":""},"class_list":["post-9","page","type-page","status-publish","hentry"],"_links":{"self":[{"href":"https:\/\/nyksundretreat.com\/en\/wp-json\/wp\/v2\/pages\/9","targetHints":{"allow":["GET"]}}],"collection":[{"href":"https:\/\/nyksundretreat.com\/en\/wp-json\/wp\/v2\/pages"}],"about":[{"href":"https:\/\/nyksundretreat.com\/en\/wp-json\/wp\/v2\/types\/page"}],"author":[{"embeddable":true,"href":"https:\/\/nyksundretreat.com\/en\/wp-json\/wp\/v2\/users\/1"}],"replies":[{"embeddable":true,"href":"https:\/\/nyksundretreat.com\/en\/wp-json\/wp\/v2\/comments?post=9"}],"version-history":[{"count":286,"href":"https:\/\/nyksundretreat.com\/en\/wp-json\/wp\/v2\/pages\/9\/revisions"}],"predecessor-version":[{"id":6710,"href":"https:\/\/nyksundretreat.com\/en\/wp-json\/wp\/v2\/pages\/9\/revisions\/6710"}],"up":[{"embeddable":true,"href":"https:\/\/nyksundretreat.com\/en\/wp-json\/wp\/v2\/pages\/177"}],"wp:attachment":[{"href":"https:\/\/nyksundretreat.com\/en\/wp-json\/wp\/v2\/media?parent=9"}],"curies":[{"name":"wp","href":"https:\/\/api.w.org\/{rel}","templated":true}]}}