{"id":6681,"date":"2026-04-01T12:08:54","date_gmt":"2026-04-01T10:08:54","guid":{"rendered":"https:\/\/nyksundretreat.com\/?page_id=6681"},"modified":"2026-04-17T20:05:05","modified_gmt":"2026-04-17T18:05:05","slug":"alt-er-i-endring-eller-kunsten-a-huske-det-store-bildet","status":"publish","type":"page","link":"https:\/\/nyksundretreat.com\/en\/retreater-workshops-m-m\/alt-er-i-endring-eller-kunsten-a-huske-det-store-bildet\/","title":{"rendered":"KVINNEKRAFT I EN NY TID"},"content":{"rendered":"\n\n\n<figure class=\"wp-block-image size-large\"><img loading=\"lazy\" decoding=\"async\" width=\"1240\" height=\"822\" src=\"https:\/\/nyksundretreat.com\/wp-content\/uploads\/2017\/06\/2015-08-20-20-21-9052-K5II-10-1-1240x822.jpg\" alt=\"\" class=\"wp-image-3898\" srcset=\"https:\/\/nyksundretreat.com\/wp-content\/uploads\/2017\/06\/2015-08-20-20-21-9052-K5II-10-1-1240x822.jpg 1240w, https:\/\/nyksundretreat.com\/wp-content\/uploads\/2017\/06\/2015-08-20-20-21-9052-K5II-10-1-300x199.jpg 300w, https:\/\/nyksundretreat.com\/wp-content\/uploads\/2017\/06\/2015-08-20-20-21-9052-K5II-10-1-768x509.jpg 768w, https:\/\/nyksundretreat.com\/wp-content\/uploads\/2017\/06\/2015-08-20-20-21-9052-K5II-10-1.jpg 1920w\" sizes=\"auto, (max-width: 1240px) 100vw, 1240px\" \/><\/figure>\n\n\n\n<p><em>Fyret p\u00e5 Nyksund\u00f8ya &#8211; Gr\u00f8nland neste!<\/em> <\/p>\n\n\n\n<p><strong>Kvinneretreat<\/strong>:<\/p>\n\n\n\n<p><strong>KVINNEKRAFT I EN NY TID <\/strong><\/p>\n\n\n\n<p><strong>Retreatleder:<\/strong> <em>Marie Elisabeth Mjaaland<\/em><\/p>\n\n\n\n<p>Mer info kommer etter p\u00e5ske! \ud83d\ude42<\/p>\n\n\n\n<p><\/p>\n\n\n\n<p><strong>NB! Kun direktebooking til NYKSUND RETREAT AS.<\/strong><\/p>\n\n\n\n<ul class=\"wp-block-list\">\n<li>Epost: <strong>post@nyksundretreat.com<\/strong><\/li>\n\n\n\n<li>Mobil: <strong>+ 47 99 38 12 77<\/strong><\/li>\n\n\n\n<li>Hjemmeside: <strong>www.nyksundretreat.com<\/strong><\/li>\n<\/ul>\n\n\n\n<p><\/p>\n\n\n\n<p><\/p>\n\n\n\n<p><\/p>\n\n\n\n<h3 class=\"wp-block-heading\"><strong><em>Velkommen til NYKSUND RETREAT&nbsp;\u2013 m\u00f8testedet for kreativitet, spiritualitet og rekreasjon!<\/em><\/strong><\/h3>\n\n\n\n<p><\/p>\n","protected":false},"excerpt":{"rendered":"<p>Fyret p\u00e5 Nyksund\u00f8ya &#8211; Gr\u00f8nland neste! Kvinneretreat: KVINNEKRAFT I EN NY TID Retreatleder: Marie Elisabeth Mjaaland Mer info kommer etter p\u00e5ske! \ud83d\ude42 NB! Kun direktebooking til NYKSUND RETREAT AS. Velkommen til NYKSUND RETREAT&nbsp;\u2013 m\u00f8testedet for kreativitet, spiritualitet og rekreasjon!<\/p>\n","protected":false},"author":1,"featured_media":0,"parent":3834,"menu_order":0,"comment_status":"closed","ping_status":"closed","template":"","meta":{"footnotes":""},"class_list":["post-6681","page","type-page","status-publish","hentry"],"_links":{"self":[{"href":"https:\/\/nyksundretreat.com\/en\/wp-json\/wp\/v2\/pages\/6681","targetHints":{"allow":["GET"]}}],"collection":[{"href":"https:\/\/nyksundretreat.com\/en\/wp-json\/wp\/v2\/pages"}],"about":[{"href":"https:\/\/nyksundretreat.com\/en\/wp-json\/wp\/v2\/types\/page"}],"author":[{"embeddable":true,"href":"https:\/\/nyksundretreat.com\/en\/wp-json\/wp\/v2\/users\/1"}],"replies":[{"embeddable":true,"href":"https:\/\/nyksundretreat.com\/en\/wp-json\/wp\/v2\/comments?post=6681"}],"version-history":[{"count":7,"href":"https:\/\/nyksundretreat.com\/en\/wp-json\/wp\/v2\/pages\/6681\/revisions"}],"predecessor-version":[{"id":6716,"href":"https:\/\/nyksundretreat.com\/en\/wp-json\/wp\/v2\/pages\/6681\/revisions\/6716"}],"up":[{"embeddable":true,"href":"https:\/\/nyksundretreat.com\/en\/wp-json\/wp\/v2\/pages\/3834"}],"wp:attachment":[{"href":"https:\/\/nyksundretreat.com\/en\/wp-json\/wp\/v2\/media?parent=6681"}],"curies":[{"name":"wp","href":"https:\/\/api.w.org\/{rel}","templated":true}]}}