{"id":5896,"date":"2024-07-13T21:17:43","date_gmt":"2024-07-13T19:17:43","guid":{"rendered":"https:\/\/nyksundretreat.com\/?page_id=5896"},"modified":"2024-07-13T21:32:28","modified_gmt":"2024-07-13T19:32:28","slug":"siri-blakstad","status":"publish","type":"page","link":"https:\/\/nyksundretreat.com\/en\/siri-blakstad\/","title":{"rendered":"Siri Blakstad &#8211; maleri og grafikk"},"content":{"rendered":"\n<figure class=\"wp-block-image size-large is-resized\"><img loading=\"lazy\" decoding=\"async\" width=\"1240\" height=\"1023\" src=\"https:\/\/nyksundretreat.com\/wp-content\/uploads\/2024\/07\/20240325_164542-1-2-1240x1023.jpg\" alt=\"\" class=\"wp-image-5898\" style=\"aspect-ratio:1.2121212121212122;width:308px;height:auto\" srcset=\"https:\/\/nyksundretreat.com\/wp-content\/uploads\/2024\/07\/20240325_164542-1-2-1240x1023.jpg 1240w, https:\/\/nyksundretreat.com\/wp-content\/uploads\/2024\/07\/20240325_164542-1-2-300x247.jpg 300w, https:\/\/nyksundretreat.com\/wp-content\/uploads\/2024\/07\/20240325_164542-1-2-768x633.jpg 768w, https:\/\/nyksundretreat.com\/wp-content\/uploads\/2024\/07\/20240325_164542-1-2.jpg 1500w\" sizes=\"auto, (max-width: 1240px) 100vw, 1240px\" \/><\/figure>\n\n\n\n<p>Tekstilkunstner og maler Siri Blakstad utdannet seg ved SHKS i Oslo, og s\u00f8kte seg deretter til og kom inn i ved kunstakademiet i Warscawa i 1964, etter f\u00f8rst ha v\u00e6rt i praksis hos R\u00f8ros Tweed og fordypet seg i veving og design p\u00e5 Kreta.<\/p>\n\n\n\n<p>Siri slo umiddelbart igjennom da hun kom tilbake til Norge, p\u00e5 H\u00f8stutstillingen 1966 \u2013 etter \u00e5 ha takket ja til tilbudet om f\u00e5 utfolde seg fritt med materialer og nye utradisjonelle teknikker p\u00e5 Magdalena Abakanowicz\u2019s atelier etter endt akademiutdannelse, og hvor hun ble i 7 m\u00e5neder.<\/p>\n\n\n\n<p>Siri Blakstad ble i forbindelse med en separatutstilling ved Craft Centre of Great Britain i 1968 ble bedt om \u00e5 bygge opp og lede en avdeling for eksperimentell billedvev ved Royal College of Art i London.<\/p>\n\n\n\n<p>Siri ble ved kunstakademiet i London til 1980. Hun har ogs\u00e5 undervist ved en rekke kunstskoler i Norge og utlandet, og bl.a. v\u00e6rt gjesteprofessor ved flere amerikanske universitet.<\/p>\n\n\n\n<p>Siri Blakstad er ogs\u00e5 kunstkritiker og har bl.a. de siste 20 \u00e5rene dekket de store kunstbiennalene i Europa, og v\u00e6rt skribent i en rekke aviser og tidsskrifter, bl.a. Aftenposten, Dagbladet, Klassekampen og Morgenbladet.&nbsp;<\/p>\n\n\n\n<p>Hun har stilt ut p\u00e5 en rekke juryerte utstillinger i inn- og utland, mottatt prestisjefylte priser, utf\u00f8rt store offentlige utsmykkinger, m.m., og hennes verk er innkj\u00f8pt av s\u00e5 vel offentlige kunstinstitusjoner som private samlere.<\/p>\n\n\n\n<figure class=\"wp-block-image size-large\"><img loading=\"lazy\" decoding=\"async\" width=\"1240\" height=\"949\" src=\"https:\/\/nyksundretreat.com\/wp-content\/uploads\/2024\/07\/2024-05-18-12-18-0848-K-1-Edit-1-2-1240x949.jpg\" alt=\"\" class=\"wp-image-5888\" srcset=\"https:\/\/nyksundretreat.com\/wp-content\/uploads\/2024\/07\/2024-05-18-12-18-0848-K-1-Edit-1-2-1240x949.jpg 1240w, https:\/\/nyksundretreat.com\/wp-content\/uploads\/2024\/07\/2024-05-18-12-18-0848-K-1-Edit-1-2-300x230.jpg 300w, https:\/\/nyksundretreat.com\/wp-content\/uploads\/2024\/07\/2024-05-18-12-18-0848-K-1-Edit-1-2-768x588.jpg 768w, https:\/\/nyksundretreat.com\/wp-content\/uploads\/2024\/07\/2024-05-18-12-18-0848-K-1-Edit-1-2-1536x1176.jpg 1536w, https:\/\/nyksundretreat.com\/wp-content\/uploads\/2024\/07\/2024-05-18-12-18-0848-K-1-Edit-1-2-2048x1568.jpg 2048w\" sizes=\"auto, (max-width: 1240px) 100vw, 1240px\" \/><figcaption class=\"wp-element-caption\"><em>Siri Blakstad: &#8220;N\u00e6rhet&#8221; &#8211; olje p\u00e5 lerret 88&#215;115 cm &#8211; til salgs i Nyksund ART Gallery<\/em><\/figcaption><\/figure>\n\n\n\n<figure class=\"wp-block-image size-large\"><img loading=\"lazy\" decoding=\"async\" width=\"1240\" height=\"1240\" src=\"https:\/\/nyksundretreat.com\/wp-content\/uploads\/2024\/07\/2024-07-12-15-44-1080283-LX100-Edit-1-1240x1240.jpg\" alt=\"\" class=\"wp-image-5899\" srcset=\"https:\/\/nyksundretreat.com\/wp-content\/uploads\/2024\/07\/2024-07-12-15-44-1080283-LX100-Edit-1-1240x1240.jpg 1240w, https:\/\/nyksundretreat.com\/wp-content\/uploads\/2024\/07\/2024-07-12-15-44-1080283-LX100-Edit-1-300x300.jpg 300w, https:\/\/nyksundretreat.com\/wp-content\/uploads\/2024\/07\/2024-07-12-15-44-1080283-LX100-Edit-1-150x150.jpg 150w, https:\/\/nyksundretreat.com\/wp-content\/uploads\/2024\/07\/2024-07-12-15-44-1080283-LX100-Edit-1-768x768.jpg 768w, https:\/\/nyksundretreat.com\/wp-content\/uploads\/2024\/07\/2024-07-12-15-44-1080283-LX100-Edit-1.jpg 1500w\" sizes=\"auto, (max-width: 1240px) 100vw, 1240px\" \/><figcaption class=\"wp-element-caption\"><em>Siri Blakstad: &#8220;Omsorg&#8221; &#8211; olje p\u00e5 lerret 52&#215;42 cm &#8211; til salgs i Nyksund ART Gallery<\/em><\/figcaption><\/figure>\n\n\n\n<figure class=\"wp-block-image size-large\"><img loading=\"lazy\" decoding=\"async\" width=\"1116\" height=\"1240\" src=\"https:\/\/nyksundretreat.com\/wp-content\/uploads\/2024\/07\/2024-05-18-12-25-0853-K-1-Edit-4-1116x1240.jpg\" alt=\"\" class=\"wp-image-5906\" srcset=\"https:\/\/nyksundretreat.com\/wp-content\/uploads\/2024\/07\/2024-05-18-12-25-0853-K-1-Edit-4-1116x1240.jpg 1116w, https:\/\/nyksundretreat.com\/wp-content\/uploads\/2024\/07\/2024-05-18-12-25-0853-K-1-Edit-4-270x300.jpg 270w, https:\/\/nyksundretreat.com\/wp-content\/uploads\/2024\/07\/2024-05-18-12-25-0853-K-1-Edit-4-768x853.jpg 768w, https:\/\/nyksundretreat.com\/wp-content\/uploads\/2024\/07\/2024-05-18-12-25-0853-K-1-Edit-4-1383x1536.jpg 1383w, https:\/\/nyksundretreat.com\/wp-content\/uploads\/2024\/07\/2024-05-18-12-25-0853-K-1-Edit-4-1844x2048.jpg 1844w\" sizes=\"auto, (max-width: 1116px) 100vw, 1116px\" \/><figcaption class=\"wp-element-caption\"><em>Siri Blakstad: &#8220;Pastorale&#8221; &#8211; h\u00e5ndkolorert litografi 83&#215;75 cm &#8211; til salgs i Nyksund ART Gallery<\/em><\/figcaption><\/figure>\n","protected":false},"excerpt":{"rendered":"<p>Tekstilkunstner og maler Siri Blakstad utdannet seg ved SHKS i Oslo, og s\u00f8kte seg deretter til og kom inn i ved kunstakademiet i Warscawa i 1964, etter f\u00f8rst ha v\u00e6rt i praksis hos R\u00f8ros Tweed og fordypet seg i veving og design p\u00e5 Kreta. Siri slo umiddelbart igjennom da hun kom tilbake til Norge, p\u00e5 &hellip; <a href=\"https:\/\/nyksundretreat.com\/en\/siri-blakstad\/\" class=\"more-link\">Continue reading <span class=\"screen-reader-text\">Siri Blakstad &#8211; maleri og grafikk<\/span> <span class=\"meta-nav\">&rarr;<\/span><\/a><\/p>\n","protected":false},"author":3,"featured_media":0,"parent":0,"menu_order":0,"comment_status":"closed","ping_status":"closed","template":"","meta":{"footnotes":""},"class_list":["post-5896","page","type-page","status-publish","hentry"],"_links":{"self":[{"href":"https:\/\/nyksundretreat.com\/en\/wp-json\/wp\/v2\/pages\/5896","targetHints":{"allow":["GET"]}}],"collection":[{"href":"https:\/\/nyksundretreat.com\/en\/wp-json\/wp\/v2\/pages"}],"about":[{"href":"https:\/\/nyksundretreat.com\/en\/wp-json\/wp\/v2\/types\/page"}],"author":[{"embeddable":true,"href":"https:\/\/nyksundretreat.com\/en\/wp-json\/wp\/v2\/users\/3"}],"replies":[{"embeddable":true,"href":"https:\/\/nyksundretreat.com\/en\/wp-json\/wp\/v2\/comments?post=5896"}],"version-history":[{"count":4,"href":"https:\/\/nyksundretreat.com\/en\/wp-json\/wp\/v2\/pages\/5896\/revisions"}],"predecessor-version":[{"id":5908,"href":"https:\/\/nyksundretreat.com\/en\/wp-json\/wp\/v2\/pages\/5896\/revisions\/5908"}],"wp:attachment":[{"href":"https:\/\/nyksundretreat.com\/en\/wp-json\/wp\/v2\/media?parent=5896"}],"curies":[{"name":"wp","href":"https:\/\/api.w.org\/{rel}","templated":true}]}}