{"id":5771,"date":"2024-06-09T22:26:22","date_gmt":"2024-06-09T20:26:22","guid":{"rendered":"https:\/\/nyksundretreat.com\/?page_id=5771"},"modified":"2024-08-14T19:07:30","modified_gmt":"2024-08-14T17:07:30","slug":"10th-summer-exhibition-2024","status":"publish","type":"page","link":"https:\/\/nyksundretreat.com\/en\/nyksund-art-gallery-2\/10th-summer-exhibition-2024\/","title":{"rendered":"10th SUMMER EXHIBITION 2024"},"content":{"rendered":"\n<figure class=\"wp-block-image size-large\"><img loading=\"lazy\" decoding=\"async\" width=\"925\" height=\"1240\" src=\"https:\/\/nyksundretreat.com\/wp-content\/uploads\/2024\/06\/Nyksund-ART-Gallery-annonse-Magasinet-Kunst-juni-2024-E1-3mm-utfall-300-dpi-925x1240.jpg\" alt=\"\" class=\"wp-image-5772\" srcset=\"https:\/\/nyksundretreat.com\/wp-content\/uploads\/2024\/06\/Nyksund-ART-Gallery-annonse-Magasinet-Kunst-juni-2024-E1-3mm-utfall-300-dpi-925x1240.jpg 925w, https:\/\/nyksundretreat.com\/wp-content\/uploads\/2024\/06\/Nyksund-ART-Gallery-annonse-Magasinet-Kunst-juni-2024-E1-3mm-utfall-300-dpi-224x300.jpg 224w, https:\/\/nyksundretreat.com\/wp-content\/uploads\/2024\/06\/Nyksund-ART-Gallery-annonse-Magasinet-Kunst-juni-2024-E1-3mm-utfall-300-dpi-768x1029.jpg 768w, https:\/\/nyksundretreat.com\/wp-content\/uploads\/2024\/06\/Nyksund-ART-Gallery-annonse-Magasinet-Kunst-juni-2024-E1-3mm-utfall-300-dpi-1146x1536.jpg 1146w, https:\/\/nyksundretreat.com\/wp-content\/uploads\/2024\/06\/Nyksund-ART-Gallery-annonse-Magasinet-Kunst-juni-2024-E1-3mm-utfall-300-dpi-1528x2048.jpg 1528w, https:\/\/nyksundretreat.com\/wp-content\/uploads\/2024\/06\/Nyksund-ART-Gallery-annonse-Magasinet-Kunst-juni-2024-E1-3mm-utfall-300-dpi-scaled.jpg 1910w\" sizes=\"auto, (max-width: 925px) 100vw, 925px\" \/><\/figure>\n\n\n\n<p><strong>De to tekstilnestorene BRIT FUGLEVAAG (85) og SIRI BLAKSTAD (85) er hovedutstillere p\u00e5  Nyksund ART Gallerys 10. sommerutstilling &#8211;  &#8220;SUMMER EXHIBITION 2024&#8221; &#8211; med utstillingen &#8220;LIVSTR\u00c5DER&#8221;<\/strong>.<\/p>\n\n\n\n<p><strong>Oppdatering, \u00e5pningstider m.m.:<\/strong><\/p>\n\n\n\n<p><em>&#8220;Summer Exhibition 2024&#8221; st\u00e5r til 15. september, og er en salgsutstilling. Fra 12. august er de faste \u00e5pningstidene <strong>l\u00f8rdag og s\u00f8ndag kl 14-17<\/strong>. <\/em><\/p>\n\n\n\n<p><em>Vi \u00e5pner ogs\u00e5 p\u00e5 foresp\u00f8rsel (+47 99 38 12 77 eller +47 951 33 516). <\/em><\/p>\n\n\n\n<p><em>Har du behov for <strong>overnatting<\/strong>, se her:<\/em> <a href=\"https:\/\/nyksundretreat.com\/aktuelle-arrangementer\/overnatting-priser\/\">https:\/\/nyksundretreat.com\/aktuelle-arrangementer\/overnatting-priser\/<\/a><\/p>\n\n\n\n<p><strong>Om utstillingen &#8220;LIVSTR\u00c5DER&#8221;<\/strong><\/p>\n\n\n\n<p>Brit Fuglevaag og Siri Blakstad har begge r\u00f8tter i nord. Brit er f\u00f8dt i Kirkenes 1939 men vokste opp i Trondheim, og Siri er f\u00f8dt 1938 og vokste opp i Asker, men med besteforeldre fra Bod\u00f8 (Christian og Anna Sofie Jakhelln). B\u00e5de Brit og Siri har en omfattende internasjonale karriere, og er fornyere av norsk billedvev. Og de arbeider fortsatt &#8211; Brit med billedvev, Siri med maleri og fra h\u00f8sten ogs\u00e5 vev.<\/p>\n\n\n\n<p>\u00ab\u00c5 veve er en m\u00e5te \u00e5 leve\u00bb, sier Brit Fuglevaag.<\/p>\n\n\n\n<p>Brit og Siri ble kjent med hverandre i 1959 da de begynte p\u00e5 tekstillinjen p\u00e5 Statens h\u00e5ndverks- og kunstindustriskole (SHKS) i Oslo. De ble raskt gode venninner, og har fulgt hverandre siden.<\/p>\n\n\n\n<p>Etter avsluttet 4-\u00e5rig tekstilutdannelse \u00f8nsket begge \u00e5 studere videre p\u00e5 akademiniv\u00e5, men Norge manglet slik utdannelse. Begge s\u00f8kte polsk statsstipend for studier ved Kunstakademiet i Warszawa &#8211; Brit i 1963, og Siri i 1964 &#8211; og begge ble tilbudt plass. <\/p>\n\n\n\n<p>Polen var p\u00e5 denne tiden et avantgardeland for nyskapende kunst i Europa. Vev ble sett p\u00e5 som fri kunst, og var likestilt andre kunstdisipliner som maleri og skulptur. Eksperimentet ble dyrket, og man tok i bruk alle slags materialer, f.eks. kraftig tauverk, hesteh\u00e5r og sisal. De forskjellige grove materialene f\u00f8rte tredimensjonalitet i det tekstile uttrykket, og banet vei for tekstilrelieff og tekstilskulptur. <\/p>\n\n\n\n<p>Den mest kjente blant disse tekstilkunstnerne var Magdalena Abakanowicz (1930-2017), og som kom til \u00e5 bli et verdenskjent ikon for denne kunstretningen.<\/p>\n\n\n\n<p>B\u00e5de Brit og Siri lot seg inspirere av eksperimentell billedvev. Brit ble et skole\u00e5r i Polen, Siri to for da hun var ferdig p\u00e5 Kunstakademiet ble hun av Magdalena Abakanowitcz tilbudt plass p\u00e5 hennes atelier for fritt, uten kunstnerens innblanding, utforske sine tekstile id\u00e9er og skisser i materialer og vevstoler.<\/p>\n\n\n\n<p>Begge kunstnerne slo umiddelbart gjennem med sine nyskapende og banebrytende verk da de kom tilbake til Norge &#8211; Brit Fuglevaag p\u00e5 H\u00f8stutstillingen i 1965, og Siri Blakstad p\u00e5 H\u00f8stutstillingen i 1966. Siri ble ogs\u00e5 tildelt Morgenbladets pris for beste arbeid p\u00e5 H\u00f8stutstillingen for billedteppet &#8220;Polen&#8221;. Dette verket er n\u00e5 en del av Nasjonalmuseets Samlinger.<\/p>\n\n\n\n<p><strong>Internasjonal anerkjennelse<\/strong><\/p>\n\n\n\n<p>B\u00e5de Brit Fuglevaag og Siri Blakstad vant umiddelbart internasjonale anerkjennelser, prestisjefulle priser og utsmykkingsoppdrag, og er innkj\u00f8pt av de store kunstinstitusjonene og private samlere.<\/p>\n\n\n\n<figure class=\"wp-block-image size-large\"><img loading=\"lazy\" decoding=\"async\" width=\"1221\" height=\"1240\" src=\"https:\/\/nyksundretreat.com\/wp-content\/uploads\/2024\/07\/Brit-Fuglevaags-verk-Form-I-1970-i-Nasjonalmuseet-1221x1240.jpg\" alt=\"\" class=\"wp-image-5878\" srcset=\"https:\/\/nyksundretreat.com\/wp-content\/uploads\/2024\/07\/Brit-Fuglevaags-verk-Form-I-1970-i-Nasjonalmuseet-1221x1240.jpg 1221w, https:\/\/nyksundretreat.com\/wp-content\/uploads\/2024\/07\/Brit-Fuglevaags-verk-Form-I-1970-i-Nasjonalmuseet-295x300.jpg 295w, https:\/\/nyksundretreat.com\/wp-content\/uploads\/2024\/07\/Brit-Fuglevaags-verk-Form-I-1970-i-Nasjonalmuseet-768x780.jpg 768w, https:\/\/nyksundretreat.com\/wp-content\/uploads\/2024\/07\/Brit-Fuglevaags-verk-Form-I-1970-i-Nasjonalmuseet-1513x1536.jpg 1513w, https:\/\/nyksundretreat.com\/wp-content\/uploads\/2024\/07\/Brit-Fuglevaags-verk-Form-I-1970-i-Nasjonalmuseet-2017x2048.jpg 2017w\" sizes=\"auto, (max-width: 1221px) 100vw, 1221px\" \/><figcaption class=\"wp-element-caption\"><em>Brit Fuglevaags verk &#8220;Form I&#8221; (1970) &#8211; 250&#215;250 cm, sisal og &#8220;spindelteknikk&#8221; &#8211; er en del av Nasjonalmuseets Samlinger og er stilt ut i rommet for Moderne kunst. (Foto: Svein Erik T\u00f8ien<\/em>)<\/figcaption><\/figure>\n\n\n\n<p>Begge kunstnerne har ogs\u00e5 i perioder bodd mange \u00e5r i utlandet. Brit Fuglevaag bl.a. 20 \u00e5r i Paris, hvor hun bl.a. \u00e5r 2000 ble tildelt medaljen \u00abM\u00e9rite et d\u00e9vouement Fran\u00e7ais\u00bb for sitt kunstneriske virke i<br>Frankrike.<\/p>\n\n\n\n<p>Siri Blakstad har bl.a. bodd og arbeidet 12 \u00e5r i London. En sparatutstilling ved &#8220;Craft Center of Great Britian&#8221; f\u00f8rte til at Siri ble bedt om \u00e5 bygge opp og lede en avdeling for eksperiemnetll billedvev ved det h\u00f8yt rangerte &#8220;Royal College of Aart&#8221; i London. Og da Siri sluttet ble hun tildelt \u00e6restittelen &#8220;Honor Fellows&#8221;. Men ogs\u00e5 under London-\u00e5rene stilte Siri ut i flere land &#8211; bl.a. Spania, Frankrike, Tyskland og USA &#8211; og hun utf\u00f8rte ogs\u00e5 offentlige utsmykkinger, bl.a. til R\u00e5dhuset i Mo i Rana. Siri Blakstad har ogs\u00e5 undervist mange andre steder, bl.a. i Kina.<\/p>\n\n\n\n<p><\/p>\n\n\n\n<p>Brit har ogs\u00e5 bragt sine kunnskaper, kreative id\u00e9er og inspirasjon, videre i form av undervisning, bl.a. som avdelingsleder for tekstillinjen ved SHKS (1972-78), og 1989-1996 samme sted som den f\u00f8rste professoren i tekstil i Oslo. Begge kunstnerne har ogs\u00e5 v\u00e6rt gjesteprofessorer ved flere amerikanske universiteter.<\/p>\n\n\n\n<p><strong>Arbeid og utmerkelser i senere \u00e5r<\/strong><\/p>\n\n\n\n<p>Siri Blakstad er ogs\u00e5 kunstkritiker, og har de siste vel 20 \u00e5rene bl.a. rapportert fra de store kunstbiennalene i Europa, og skrevet en rekke artikler i aviser og tidskrifter, bl.a. &#8220;Vi ser p\u00e5 kunst&#8221;, Aftenposten, Klassekampen og Morgenbladet. Siri har ogs\u00e5 arbeidet som fargekonsulent, og var bl.a. kunstnerisk konsulent for s\u00e5 vel inter\u00f8r som eksteri\u00f8r under gjenoppbyggingen av Ut\u00f8ya.<\/p>\n\n\n\n<p>I september 2023 ble Brit Fuglevaag sl\u00e5tt til Ridder 1. klasse av Den Kongelige Norske St. Olavs Orden for sin innasts for norsk tekstilkunst. Og v\u00e5ren 2024 ble hun hedret med at hun alene fikk stille ut i hovedrommet under den &#8220;46. Nordiske Kunsth\u00e5ndverkutstillingen &#8211; Tendenser 2024&#8221;. \u00c5tte verk stilte Brit ut, og alt ble solgt i f\u00f8lge kunstneren selv.<\/p>\n\n\n\n<p>I april 2024 deltok begge kunstnerne p\u00e5 Kronprinsesse Mette-Marits store vevsymposium i Dronning Sonjas KunstStall i Oslo. <\/p>\n\n\n\n<p>Fra h\u00f8sten vil Siri Blakstad ha atelier sammen med Kronprinsessen og hennes vevkollektiv. Kronprinsessen har invitert Siri til \u00e5 undervise dem i bl.a. farger, komposisjon og kunsthistorie, og der hun selv f\u00e5r disponere to vevstoler.<\/p>\n\n\n\n<p><\/p>\n\n\n\n<p><strong>Det er en stor glede <\/strong>\u00e5 f\u00e5 presentere disse to kreative og nyskapende tekstilkunstnerne sammen i Nyksund ART Gallery under vignetten &#8220;LIVSTR\u00c5DER&#8221;! Brit Fuglevaag med 12 billedtepper &#8211; de fleste laget spesielt til denne utstillingen &#8211; og Siri Blakstad med omtrent like mange malerier.<\/p>\n\n\n\n<p>Her er en liten smakebit fra utstillingen &#8220;Livstr\u00e5der&#8221;: <a href=\"https:\/\/youtu.be\/Eu2l3DJ4Bn4\" target=\"_blank\" rel=\"noreferrer noopener\"><a href=\"https:\/\/youtu.be\/1KTdJkTMo5M\" target=\"_blank\" rel=\"noreferrer noopener\">https:\/\/youtu.be\/1KTdJkTMo5M<\/a><\/a><\/p>\n\n\n\n<p><\/p>\n\n\n\n<p><\/p>\n\n\n\n<p><\/p>\n\n\n\n<p><strong>Bilder fra hovedkunsternes atelierer<\/strong><\/p>\n\n\n\n<figure class=\"wp-block-image size-large\"><img loading=\"lazy\" decoding=\"async\" width=\"848\" height=\"1240\" src=\"https:\/\/nyksundretreat.com\/wp-content\/uploads\/2024\/07\/Brit-Fuglevaag-ved-veven-i-sitt-atelier-848x1240.jpg\" alt=\"\" class=\"wp-image-5881\" srcset=\"https:\/\/nyksundretreat.com\/wp-content\/uploads\/2024\/07\/Brit-Fuglevaag-ved-veven-i-sitt-atelier-848x1240.jpg 848w, https:\/\/nyksundretreat.com\/wp-content\/uploads\/2024\/07\/Brit-Fuglevaag-ved-veven-i-sitt-atelier-205x300.jpg 205w, https:\/\/nyksundretreat.com\/wp-content\/uploads\/2024\/07\/Brit-Fuglevaag-ved-veven-i-sitt-atelier-768x1123.jpg 768w, https:\/\/nyksundretreat.com\/wp-content\/uploads\/2024\/07\/Brit-Fuglevaag-ved-veven-i-sitt-atelier-1051x1536.jpg 1051w, https:\/\/nyksundretreat.com\/wp-content\/uploads\/2024\/07\/Brit-Fuglevaag-ved-veven-i-sitt-atelier-1401x2048.jpg 1401w, https:\/\/nyksundretreat.com\/wp-content\/uploads\/2024\/07\/Brit-Fuglevaag-ved-veven-i-sitt-atelier.jpg 1545w\" sizes=\"auto, (max-width: 848px) 100vw, 848px\" \/><figcaption class=\"wp-element-caption\"><em>Brit H Fuglevaag ved vevstolen, mai 202<\/em>4 <em>(Foto: Marie Elisabeth Mjaaland<\/em>)<\/figcaption><\/figure>\n\n\n\n<figure class=\"wp-block-image size-large\"><img loading=\"lazy\" decoding=\"async\" width=\"1240\" height=\"1206\" src=\"https:\/\/nyksundretreat.com\/wp-content\/uploads\/2024\/07\/20240514_202952-1-1240x1206.jpg\" alt=\"\" class=\"wp-image-5919\" srcset=\"https:\/\/nyksundretreat.com\/wp-content\/uploads\/2024\/07\/20240514_202952-1-1240x1206.jpg 1240w, https:\/\/nyksundretreat.com\/wp-content\/uploads\/2024\/07\/20240514_202952-1-300x292.jpg 300w, https:\/\/nyksundretreat.com\/wp-content\/uploads\/2024\/07\/20240514_202952-1-768x747.jpg 768w, https:\/\/nyksundretreat.com\/wp-content\/uploads\/2024\/07\/20240514_202952-1-1536x1494.jpg 1536w, https:\/\/nyksundretreat.com\/wp-content\/uploads\/2024\/07\/20240514_202952-1-2048x1991.jpg 2048w\" sizes=\"auto, (max-width: 1240px) 100vw, 1240px\" \/><figcaption class=\"wp-element-caption\"><em>Brit Fuglevaag og gallerist Marie Elisabeth Mjaaland ved arbeidsbordet<\/em>. <em>(Foto: Svein Erik T\u00f8ien<\/em>)<\/figcaption><\/figure>\n\n\n\n<figure class=\"wp-block-image\"><img loading=\"lazy\" decoding=\"async\" width=\"2560\" height=\"1882\" src=\"https:\/\/nyksundretreat.com\/wp-content\/uploads\/2024\/07\/20240721_161100_resized-scaled.jpg\" alt=\"\" class=\"wp-image-5994\" srcset=\"https:\/\/nyksundretreat.com\/wp-content\/uploads\/2024\/07\/20240721_161100_resized-scaled.jpg 2560w, https:\/\/nyksundretreat.com\/wp-content\/uploads\/2024\/07\/20240721_161100_resized-300x221.jpg 300w, https:\/\/nyksundretreat.com\/wp-content\/uploads\/2024\/07\/20240721_161100_resized-1240x911.jpg 1240w, https:\/\/nyksundretreat.com\/wp-content\/uploads\/2024\/07\/20240721_161100_resized-768x565.jpg 768w, https:\/\/nyksundretreat.com\/wp-content\/uploads\/2024\/07\/20240721_161100_resized-1536x1129.jpg 1536w, https:\/\/nyksundretreat.com\/wp-content\/uploads\/2024\/07\/20240721_161100_resized-2048x1505.jpg 2048w\" sizes=\"auto, (max-width: 2560px) 100vw, 2560px\" \/><figcaption class=\"wp-element-caption\"><em>Siri Blakstad i sitt atelier<\/em> <em>(Foto: Svein Erik T\u00f8ien<\/em>)<\/figcaption><\/figure>\n\n\n\n<figure class=\"wp-block-image\"><img loading=\"lazy\" decoding=\"async\" width=\"1921\" height=\"2560\" src=\"https:\/\/nyksundretreat.com\/wp-content\/uploads\/2024\/07\/20240721_161444-scaled.jpg\" alt=\"\" class=\"wp-image-5991\" srcset=\"https:\/\/nyksundretreat.com\/wp-content\/uploads\/2024\/07\/20240721_161444-scaled.jpg 1921w, https:\/\/nyksundretreat.com\/wp-content\/uploads\/2024\/07\/20240721_161444-225x300.jpg 225w, https:\/\/nyksundretreat.com\/wp-content\/uploads\/2024\/07\/20240721_161444-931x1240.jpg 931w, https:\/\/nyksundretreat.com\/wp-content\/uploads\/2024\/07\/20240721_161444-768x1023.jpg 768w, https:\/\/nyksundretreat.com\/wp-content\/uploads\/2024\/07\/20240721_161444-1153x1536.jpg 1153w, https:\/\/nyksundretreat.com\/wp-content\/uploads\/2024\/07\/20240721_161444-1537x2048.jpg 1537w\" sizes=\"auto, (max-width: 1921px) 100vw, 1921px\" \/><\/figure>\n\n\n\n<p><em>Siri Blakstad viser kanditater til utstillingen og malerier som hun arbeider med.<\/em> <em>(Foto: Marie Elisabeth Mjaaland<\/em>)<\/p>\n\n\n\n<p><strong>Bilder fra utstillings\u00e5pningen<\/strong><\/p>\n\n\n\n<figure class=\"wp-block-image size-large is-resized\"><img loading=\"lazy\" decoding=\"async\" width=\"930\" height=\"1240\" src=\"https:\/\/nyksundretreat.com\/wp-content\/uploads\/2024\/07\/450469344_2693592904148071_4793974158895814077_n-930x1240.jpg\" alt=\"\" class=\"wp-image-5880\" style=\"aspect-ratio:0.75;width:840px;height:auto\" srcset=\"https:\/\/nyksundretreat.com\/wp-content\/uploads\/2024\/07\/450469344_2693592904148071_4793974158895814077_n-930x1240.jpg 930w, https:\/\/nyksundretreat.com\/wp-content\/uploads\/2024\/07\/450469344_2693592904148071_4793974158895814077_n-225x300.jpg 225w, https:\/\/nyksundretreat.com\/wp-content\/uploads\/2024\/07\/450469344_2693592904148071_4793974158895814077_n-768x1024.jpg 768w, https:\/\/nyksundretreat.com\/wp-content\/uploads\/2024\/07\/450469344_2693592904148071_4793974158895814077_n-1152x1536.jpg 1152w, https:\/\/nyksundretreat.com\/wp-content\/uploads\/2024\/07\/450469344_2693592904148071_4793974158895814077_n.jpg 1536w\" sizes=\"auto, (max-width: 930px) 100vw, 930px\" \/><figcaption class=\"wp-element-caption\"><em>Siri Blakstad pakker opp h\u00e5ndkolorerte grafiske blad til utstillingen mens fotograf og gallerieier Svein Erik T\u00f8ien f\u00f8lger spent med.<\/em> <em>P\u00e5 veggen bak to av T\u00f8iens fotocollage med tema &#8220;Surrealistic Nature&#8221;.<\/em> <em>I vindu glasskunst av Kjersti Johannessen (nederst) og Anna Kathrine Munkejord.<\/em> <em>(Foto: Marie Elisabeth Mjaaland<\/em>)<\/figcaption><\/figure>\n\n\n\n<figure class=\"wp-block-image\"><img loading=\"lazy\" decoding=\"async\" width=\"2560\" height=\"1758\" src=\"https:\/\/nyksundretreat.com\/wp-content\/uploads\/2024\/07\/20240721_123505_resized-scaled.jpg\" alt=\"\" class=\"wp-image-5937\" srcset=\"https:\/\/nyksundretreat.com\/wp-content\/uploads\/2024\/07\/20240721_123505_resized-scaled.jpg 2560w, https:\/\/nyksundretreat.com\/wp-content\/uploads\/2024\/07\/20240721_123505_resized-300x206.jpg 300w, https:\/\/nyksundretreat.com\/wp-content\/uploads\/2024\/07\/20240721_123505_resized-1240x852.jpg 1240w, https:\/\/nyksundretreat.com\/wp-content\/uploads\/2024\/07\/20240721_123505_resized-768x527.jpg 768w, https:\/\/nyksundretreat.com\/wp-content\/uploads\/2024\/07\/20240721_123505_resized-1536x1055.jpg 1536w, https:\/\/nyksundretreat.com\/wp-content\/uploads\/2024\/07\/20240721_123505_resized-2048x1407.jpg 2048w\" sizes=\"auto, (max-width: 2560px) 100vw, 2560px\" \/><\/figure>\n\n\n\n<p><em>Tidligere kultursjef i \u00d8ksnes kommune forteller om Brit Fuglevaags verk &#8220;Fra Varangerfjorden II&#8221; under \u00e5pningen av &#8220;Sommer Exhibition 2024&#8221;<\/em> <em>(Foto: Marie Elisabeth Mjaaland<\/em>)<\/p>\n\n\n\n<figure class=\"wp-block-image size-large\"><img loading=\"lazy\" decoding=\"async\" width=\"919\" height=\"1240\" src=\"https:\/\/nyksundretreat.com\/wp-content\/uploads\/2024\/07\/449329126_2689107647929930_8284508352556205741_n-919x1240.jpg\" alt=\"\" class=\"wp-image-5882\" srcset=\"https:\/\/nyksundretreat.com\/wp-content\/uploads\/2024\/07\/449329126_2689107647929930_8284508352556205741_n-919x1240.jpg 919w, https:\/\/nyksundretreat.com\/wp-content\/uploads\/2024\/07\/449329126_2689107647929930_8284508352556205741_n-222x300.jpg 222w, https:\/\/nyksundretreat.com\/wp-content\/uploads\/2024\/07\/449329126_2689107647929930_8284508352556205741_n-768x1036.jpg 768w, https:\/\/nyksundretreat.com\/wp-content\/uploads\/2024\/07\/449329126_2689107647929930_8284508352556205741_n-1139x1536.jpg 1139w, https:\/\/nyksundretreat.com\/wp-content\/uploads\/2024\/07\/449329126_2689107647929930_8284508352556205741_n.jpg 1518w\" sizes=\"auto, (max-width: 919px) 100vw, 919px\" \/><figcaption class=\"wp-element-caption\"><em>Siri Blakstad og Svein Erik T\u00f8ien under \u00e5pning av utstillingen 10th Summer Exhibition 2024<\/em> <em>(Foto: Marie Elisabeth Mjaaland<\/em>)<\/figcaption><\/figure>\n\n\n\n<figure class=\"wp-block-image size-large\"><img loading=\"lazy\" decoding=\"async\" width=\"1240\" height=\"650\" src=\"https:\/\/nyksundretreat.com\/wp-content\/uploads\/2024\/07\/2024-07-11-14-00-1148-K-1-Edit-1-1240x650.jpg\" alt=\"\" class=\"wp-image-5889\" srcset=\"https:\/\/nyksundretreat.com\/wp-content\/uploads\/2024\/07\/2024-07-11-14-00-1148-K-1-Edit-1-1240x650.jpg 1240w, https:\/\/nyksundretreat.com\/wp-content\/uploads\/2024\/07\/2024-07-11-14-00-1148-K-1-Edit-1-300x157.jpg 300w, https:\/\/nyksundretreat.com\/wp-content\/uploads\/2024\/07\/2024-07-11-14-00-1148-K-1-Edit-1-768x403.jpg 768w, https:\/\/nyksundretreat.com\/wp-content\/uploads\/2024\/07\/2024-07-11-14-00-1148-K-1-Edit-1-1536x805.jpg 1536w, https:\/\/nyksundretreat.com\/wp-content\/uploads\/2024\/07\/2024-07-11-14-00-1148-K-1-Edit-1-2048x1074.jpg 2048w\" sizes=\"auto, (max-width: 1240px) 100vw, 1240px\" \/><figcaption class=\"wp-element-caption\"><em>&#8220;Livstr\u00e5der&#8221; &#8211; et utvalg av Siri Blakstads verk i utstillingen<\/em> <em>(Foto: Svein Erik T\u00f8ien<\/em>)<\/figcaption><\/figure>\n\n\n\n<figure class=\"wp-block-image size-large\"><img loading=\"lazy\" decoding=\"async\" width=\"1165\" height=\"1240\" src=\"https:\/\/nyksundretreat.com\/wp-content\/uploads\/2024\/07\/2024-05-18-12-21-0851-K-1-2-2-1165x1240.jpg\" alt=\"\" class=\"wp-image-5890\" srcset=\"https:\/\/nyksundretreat.com\/wp-content\/uploads\/2024\/07\/2024-05-18-12-21-0851-K-1-2-2-1165x1240.jpg 1165w, https:\/\/nyksundretreat.com\/wp-content\/uploads\/2024\/07\/2024-05-18-12-21-0851-K-1-2-2-282x300.jpg 282w, https:\/\/nyksundretreat.com\/wp-content\/uploads\/2024\/07\/2024-05-18-12-21-0851-K-1-2-2-768x818.jpg 768w, https:\/\/nyksundretreat.com\/wp-content\/uploads\/2024\/07\/2024-05-18-12-21-0851-K-1-2-2.jpg 1409w\" sizes=\"auto, (max-width: 1165px) 100vw, 1165px\" \/><figcaption class=\"wp-element-caption\"><em>Brit Fuglevaag: &#8220;Landskap II&#8221; &#8211; 115 x 107 cm<\/em> <em>(Foto: Svein Erik T\u00f8ien<\/em>)<\/figcaption><\/figure>\n\n\n\n<p><\/p>\n\n\n\n<p><strong>Andre kunstnere<\/strong><\/p>\n\n\n\n<p>Nyksund ART Gallerys faste utstillere deltar ogs\u00e5 p\u00e5 sommerutstillingen: <\/p>\n\n\n\n<p class=\"has-text-align-left\"><\/p>\n\n\n\n<p class=\"has-text-align-left\">SVEIN ERIK T\u00d8IEN \u2013 foto collage, kunstvideo, slideshows (se plakat nedenfor)<\/p>\n\n\n\n<p>GUNN VOTTESTAD \u2013 maleri, grafikk<\/p>\n\n\n\n<p class=\"has-text-align-left\"><\/p>\n\n\n\n<p class=\"has-text-align-left\">BRITT BOUTROS GHALI \u2013 maleri<\/p>\n\n\n\n<p class=\"has-text-align-left\">EVA VOLD &#8211; keramikk<\/p>\n\n\n\n<p class=\"has-text-align-left\">KJERSTI JOHANNESSEN &#8211; glasskulptur<\/p>\n\n\n\n<p class=\"has-text-align-left\">MARIT EIK &#8211; minigrafikk<\/p>\n\n\n\n<p class=\"has-text-align-left\">SVETLANA PECHNIKOVA &#8211; miniskulptur<\/p>\n\n\n\n<p class=\"has-text-align-left\">ANNE KATHRINE MUNKEJORD &#8211; glass<\/p>\n\n\n\n<figure class=\"wp-block-image\"><img loading=\"lazy\" decoding=\"async\" width=\"1991\" height=\"1493\" src=\"https:\/\/nyksundretreat.com\/wp-content\/uploads\/2024\/07\/20240721_122219_resized.jpg\" alt=\"\" class=\"wp-image-5932\" srcset=\"https:\/\/nyksundretreat.com\/wp-content\/uploads\/2024\/07\/20240721_122219_resized.jpg 1991w, https:\/\/nyksundretreat.com\/wp-content\/uploads\/2024\/07\/20240721_122219_resized-300x225.jpg 300w, https:\/\/nyksundretreat.com\/wp-content\/uploads\/2024\/07\/20240721_122219_resized-1240x930.jpg 1240w, https:\/\/nyksundretreat.com\/wp-content\/uploads\/2024\/07\/20240721_122219_resized-768x576.jpg 768w, https:\/\/nyksundretreat.com\/wp-content\/uploads\/2024\/07\/20240721_122219_resized-1536x1152.jpg 1536w\" sizes=\"auto, (max-width: 1991px) 100vw, 1991px\" \/><\/figure>\n\n\n\n<p><em>Verk av noen av Nyksund ART Gallerys faste utstillere: Maleri og grafikk av Gunn Vottestad, miniskulptur av Svetlana Pechnikova, keramikk av Eva Vold, og glass av Anne Kathrine Munkejord.<\/em> <em>(Foto: Marie Elisabeth Mjaaland<\/em>)<\/p>\n\n\n\n<p><\/p>\n\n\n\n<figure class=\"wp-block-image size-full\"><img loading=\"lazy\" decoding=\"async\" width=\"877\" height=\"1240\" src=\"https:\/\/nyksundretreat.com\/wp-content\/uploads\/2024\/07\/image-877x1240-1.jpeg\" alt=\"\" class=\"wp-image-5830\" srcset=\"https:\/\/nyksundretreat.com\/wp-content\/uploads\/2024\/07\/image-877x1240-1.jpeg 877w, https:\/\/nyksundretreat.com\/wp-content\/uploads\/2024\/07\/image-877x1240-1-212x300.jpeg 212w, https:\/\/nyksundretreat.com\/wp-content\/uploads\/2024\/07\/image-877x1240-1-768x1086.jpeg 768w\" sizes=\"auto, (max-width: 877px) 100vw, 877px\" \/><\/figure>\n\n\n\n<p><em>Fotograf og sivilarkitekt Svein Erik T\u00f8ien, bosatt i Nyksund siden 2012, stiller bl.a. ut foto collage fra serien &#8220;Surrealistic Nature&#8221;. Svein Erik lager ogs\u00e5 kunstvideoer\/slideshows. Plakaten ovenfor viser noen av videoene som er mulig \u00e5 se i Nyksund ART Gallery<\/em>.<\/p>\n\n\n\n<p><strong>\u00c5pningstider:<\/strong><\/p>\n\n\n\n<p>29.06. &#8211; 11.08. tir-s\u00f8n kl. 13 &#8211; 18<\/p>\n\n\n\n<p>17.08. &#8211; 15.09. l\u00f8r-s\u00f8n kl. 14 &#8211; 17<\/p>\n\n\n\n<p>Vi \u00e5pner ogs\u00e5 p\u00e5 foresp\u00f8rsel!<\/p>\n\n\n\n<p><\/p>\n\n\n\n<p>\u00abSUMMER EXHIBITION 2024\u00bb er en salgsutstilling og st\u00e5r til 15. september 2024.<\/p>\n\n\n\n<p>Hjertelig velkommen!<\/p>\n","protected":false},"excerpt":{"rendered":"<p>De to tekstilnestorene BRIT FUGLEVAAG (85) og SIRI BLAKSTAD (85) er hovedutstillere p\u00e5 Nyksund ART Gallerys 10. sommerutstilling &#8211; &#8220;SUMMER EXHIBITION 2024&#8221; &#8211; med utstillingen &#8220;LIVSTR\u00c5DER&#8221;. Oppdatering, \u00e5pningstider m.m.: &#8220;Summer Exhibition 2024&#8221; st\u00e5r til 15. september, og er en salgsutstilling. Fra 12. august er de faste \u00e5pningstidene l\u00f8rdag og s\u00f8ndag kl 14-17. Vi \u00e5pner ogs\u00e5 &hellip; <a href=\"https:\/\/nyksundretreat.com\/en\/nyksund-art-gallery-2\/10th-summer-exhibition-2024\/\" class=\"more-link\">Continue reading <span class=\"screen-reader-text\">10th SUMMER EXHIBITION 2024<\/span> <span class=\"meta-nav\">&rarr;<\/span><\/a><\/p>\n","protected":false},"author":3,"featured_media":0,"parent":4741,"menu_order":0,"comment_status":"closed","ping_status":"closed","template":"","meta":{"footnotes":""},"class_list":["post-5771","page","type-page","status-publish","hentry"],"_links":{"self":[{"href":"https:\/\/nyksundretreat.com\/en\/wp-json\/wp\/v2\/pages\/5771","targetHints":{"allow":["GET"]}}],"collection":[{"href":"https:\/\/nyksundretreat.com\/en\/wp-json\/wp\/v2\/pages"}],"about":[{"href":"https:\/\/nyksundretreat.com\/en\/wp-json\/wp\/v2\/types\/page"}],"author":[{"embeddable":true,"href":"https:\/\/nyksundretreat.com\/en\/wp-json\/wp\/v2\/users\/3"}],"replies":[{"embeddable":true,"href":"https:\/\/nyksundretreat.com\/en\/wp-json\/wp\/v2\/comments?post=5771"}],"version-history":[{"count":134,"href":"https:\/\/nyksundretreat.com\/en\/wp-json\/wp\/v2\/pages\/5771\/revisions"}],"predecessor-version":[{"id":6080,"href":"https:\/\/nyksundretreat.com\/en\/wp-json\/wp\/v2\/pages\/5771\/revisions\/6080"}],"up":[{"embeddable":true,"href":"https:\/\/nyksundretreat.com\/en\/wp-json\/wp\/v2\/pages\/4741"}],"wp:attachment":[{"href":"https:\/\/nyksundretreat.com\/en\/wp-json\/wp\/v2\/media?parent=5771"}],"curies":[{"name":"wp","href":"https:\/\/api.w.org\/{rel}","templated":true}]}}