{"id":5453,"date":"2022-06-20T17:09:54","date_gmt":"2022-06-20T15:09:54","guid":{"rendered":"https:\/\/nyksundretreat.com\/?page_id=5453"},"modified":"2022-06-20T17:09:55","modified_gmt":"2022-06-20T15:09:55","slug":"tove-hov-jacobsen-billedkunstner","status":"publish","type":"page","link":"https:\/\/nyksundretreat.com\/en\/nyksund-art-gallery\/om-vare-kunstnere\/tove-hov-jacobsen-billedkunstner\/","title":{"rendered":"Tove Hov Jacobsen &#8211; billedkunstner"},"content":{"rendered":"\n<figure class=\"wp-block-image size-large\"><img loading=\"lazy\" decoding=\"async\" width=\"1240\" height=\"1027\" src=\"https:\/\/nyksundretreat.com\/wp-content\/uploads\/2022\/06\/2022-06-03-12-47-5641-K-1-1-1240x1027.jpg\" alt=\"\" class=\"wp-image-5454\" srcset=\"https:\/\/nyksundretreat.com\/wp-content\/uploads\/2022\/06\/2022-06-03-12-47-5641-K-1-1-1240x1027.jpg 1240w, https:\/\/nyksundretreat.com\/wp-content\/uploads\/2022\/06\/2022-06-03-12-47-5641-K-1-1-300x249.jpg 300w, https:\/\/nyksundretreat.com\/wp-content\/uploads\/2022\/06\/2022-06-03-12-47-5641-K-1-1-768x636.jpg 768w, https:\/\/nyksundretreat.com\/wp-content\/uploads\/2022\/06\/2022-06-03-12-47-5641-K-1-1-1536x1272.jpg 1536w, https:\/\/nyksundretreat.com\/wp-content\/uploads\/2022\/06\/2022-06-03-12-47-5641-K-1-1-2048x1697.jpg 2048w\" sizes=\"auto, (max-width: 1240px) 100vw, 1240px\" \/><\/figure>\n\n\n\n<p>Den folkekj\u00e6re <strong>billedkunstneren<\/strong> <strong>TOVE HOV JACOBSEN<\/strong> fra Sigerfjord har sitt egen personlige og s\u00e6regne uttrykk med en lysende, skimrende fargepalett, og hun kombinerer gjerne nordnorske landskap med frukt og blomster som h\u00f8rer hjemme p\u00e5 mer sydlige breddegrader. Motivene framtrer lett og uanstrengt, med en lett, livsglad grunnstemning, men dype tanker og f\u00f8lelser ligger bak det hun maler \u2013 selv sier Tove at hun \u00f8nsker \u00e5 sette det forgjengelige opp mot det bestandige, og feire det verdifulle i livet her og n\u00e5.\u00a0<\/p>\n\n\n\n<p>Tove startet sin kunstutdannelse som 45-\u00e5ring, og har hatt over 30 separatutstillinger. Siden 1998 har hun sammen med sin mann bygget opp og drevet Lihallen Kulturg\u00e5rd i det gamle tuberkulosehjemmet i Sigerfjord.<\/p>\n","protected":false},"excerpt":{"rendered":"<p>Den folkekj\u00e6re billedkunstneren TOVE HOV JACOBSEN fra Sigerfjord har sitt egen personlige og s\u00e6regne uttrykk med en lysende, skimrende fargepalett, og hun kombinerer gjerne nordnorske landskap med frukt og blomster som h\u00f8rer hjemme p\u00e5 mer sydlige breddegrader. Motivene framtrer lett og uanstrengt, med en lett, livsglad grunnstemning, men dype tanker og f\u00f8lelser ligger bak det &hellip; <a href=\"https:\/\/nyksundretreat.com\/en\/nyksund-art-gallery\/om-vare-kunstnere\/tove-hov-jacobsen-billedkunstner\/\" class=\"more-link\">Continue reading <span class=\"screen-reader-text\">Tove Hov Jacobsen &#8211; billedkunstner<\/span> <span class=\"meta-nav\">&rarr;<\/span><\/a><\/p>\n","protected":false},"author":3,"featured_media":0,"parent":3671,"menu_order":0,"comment_status":"closed","ping_status":"closed","template":"","meta":{"footnotes":""},"class_list":["post-5453","page","type-page","status-publish","hentry"],"_links":{"self":[{"href":"https:\/\/nyksundretreat.com\/en\/wp-json\/wp\/v2\/pages\/5453","targetHints":{"allow":["GET"]}}],"collection":[{"href":"https:\/\/nyksundretreat.com\/en\/wp-json\/wp\/v2\/pages"}],"about":[{"href":"https:\/\/nyksundretreat.com\/en\/wp-json\/wp\/v2\/types\/page"}],"author":[{"embeddable":true,"href":"https:\/\/nyksundretreat.com\/en\/wp-json\/wp\/v2\/users\/3"}],"replies":[{"embeddable":true,"href":"https:\/\/nyksundretreat.com\/en\/wp-json\/wp\/v2\/comments?post=5453"}],"version-history":[{"count":1,"href":"https:\/\/nyksundretreat.com\/en\/wp-json\/wp\/v2\/pages\/5453\/revisions"}],"predecessor-version":[{"id":5455,"href":"https:\/\/nyksundretreat.com\/en\/wp-json\/wp\/v2\/pages\/5453\/revisions\/5455"}],"up":[{"embeddable":true,"href":"https:\/\/nyksundretreat.com\/en\/wp-json\/wp\/v2\/pages\/3671"}],"wp:attachment":[{"href":"https:\/\/nyksundretreat.com\/en\/wp-json\/wp\/v2\/media?parent=5453"}],"curies":[{"name":"wp","href":"https:\/\/api.w.org\/{rel}","templated":true}]}}