{"id":5237,"date":"2021-06-30T13:36:50","date_gmt":"2021-06-30T11:36:50","guid":{"rendered":"https:\/\/nyksundretreat.com\/?page_id=5237"},"modified":"2021-06-30T14:01:25","modified_gmt":"2021-06-30T12:01:25","slug":"kjersti-johannessen","status":"publish","type":"page","link":"https:\/\/nyksundretreat.com\/en\/nyksund-art-gallery\/om-vare-kunstnere\/kjersti-johannessen\/","title":{"rendered":"Kjersti Johannessen &#8211; glasskunst"},"content":{"rendered":"\n<figure class=\"wp-block-image size-large is-resized\"><img loading=\"lazy\" decoding=\"async\" src=\"https:\/\/nyksundretreat.com\/wp-content\/uploads\/2021\/06\/2019-09-11-13-15-5620-K-1-1-2-1240x1057.jpg\" alt=\"\" class=\"wp-image-5244\" width=\"613\" height=\"544\"\/><\/figure>\n\n\n\n<p>Kjersti Johannessen er f\u00f8dt og oppvokst i Bod\u00f8, og bosatt i Oslo. Hun har sin utdannelse som glassbl\u00e5ser fra Kosta i Sverige, Det kongelige Danske Kunstakademi for glass og keramikk p\u00e5 Bornholm, og Pilchuck Glass School og Haystak Mountain School of crafts i USA.<\/p>\n\n\n\n<p>Kjersti har hatt en rekke separatutstillinger i inn- og utland, har mottatt flere stipend, og er innkj\u00f8pt av bl.a. Nasjonalmuseet, Norsk Kulturr\u00e5d, og Kunstindustrimuseene i Bergen og Oslo.<\/p>\n\n\n\n<p>Nettsted: <a href=\"http:\/\/www.kjerstijohannessen.com\"><em>www.kjerstijohannessen.com<\/em><\/a><\/p>\n\n\n\n<figure class=\"wp-block-image size-large\"><img loading=\"lazy\" decoding=\"async\" width=\"1240\" height=\"858\" src=\"https:\/\/nyksundretreat.com\/wp-content\/uploads\/2016\/06\/Kjersti-Johannessen-turkis-lyslykter-I-1240x858.jpg\" alt=\"\" class=\"wp-image-2558\" srcset=\"https:\/\/nyksundretreat.com\/wp-content\/uploads\/2016\/06\/Kjersti-Johannessen-turkis-lyslykter-I-1240x858.jpg 1240w, https:\/\/nyksundretreat.com\/wp-content\/uploads\/2016\/06\/Kjersti-Johannessen-turkis-lyslykter-I-300x207.jpg 300w, https:\/\/nyksundretreat.com\/wp-content\/uploads\/2016\/06\/Kjersti-Johannessen-turkis-lyslykter-I.jpg 1900w\" sizes=\"auto, (max-width: 1240px) 100vw, 1240px\" \/><\/figure>\n","protected":false},"excerpt":{"rendered":"<p>Kjersti Johannessen er f\u00f8dt og oppvokst i Bod\u00f8, og bosatt i Oslo. Hun har sin utdannelse som glassbl\u00e5ser fra Kosta i Sverige, Det kongelige Danske Kunstakademi for glass og keramikk p\u00e5 Bornholm, og Pilchuck Glass School og Haystak Mountain School of crafts i USA. Kjersti har hatt en rekke separatutstillinger i inn- og utland, har &hellip; <a href=\"https:\/\/nyksundretreat.com\/en\/nyksund-art-gallery\/om-vare-kunstnere\/kjersti-johannessen\/\" class=\"more-link\">Continue reading <span class=\"screen-reader-text\">Kjersti Johannessen &#8211; glasskunst<\/span> <span class=\"meta-nav\">&rarr;<\/span><\/a><\/p>\n","protected":false},"author":3,"featured_media":0,"parent":3671,"menu_order":0,"comment_status":"closed","ping_status":"closed","template":"","meta":{"footnotes":""},"class_list":["post-5237","page","type-page","status-publish","hentry"],"_links":{"self":[{"href":"https:\/\/nyksundretreat.com\/en\/wp-json\/wp\/v2\/pages\/5237","targetHints":{"allow":["GET"]}}],"collection":[{"href":"https:\/\/nyksundretreat.com\/en\/wp-json\/wp\/v2\/pages"}],"about":[{"href":"https:\/\/nyksundretreat.com\/en\/wp-json\/wp\/v2\/types\/page"}],"author":[{"embeddable":true,"href":"https:\/\/nyksundretreat.com\/en\/wp-json\/wp\/v2\/users\/3"}],"replies":[{"embeddable":true,"href":"https:\/\/nyksundretreat.com\/en\/wp-json\/wp\/v2\/comments?post=5237"}],"version-history":[{"count":3,"href":"https:\/\/nyksundretreat.com\/en\/wp-json\/wp\/v2\/pages\/5237\/revisions"}],"predecessor-version":[{"id":5246,"href":"https:\/\/nyksundretreat.com\/en\/wp-json\/wp\/v2\/pages\/5237\/revisions\/5246"}],"up":[{"embeddable":true,"href":"https:\/\/nyksundretreat.com\/en\/wp-json\/wp\/v2\/pages\/3671"}],"wp:attachment":[{"href":"https:\/\/nyksundretreat.com\/en\/wp-json\/wp\/v2\/media?parent=5237"}],"curies":[{"name":"wp","href":"https:\/\/api.w.org\/{rel}","templated":true}]}}