{"id":5157,"date":"2021-01-18T17:23:15","date_gmt":"2021-01-18T16:23:15","guid":{"rendered":"https:\/\/nyksundretreat.com\/?page_id=5157"},"modified":"2021-01-18T17:23:16","modified_gmt":"2021-01-18T16:23:16","slug":"personvernerklaering","status":"publish","type":"page","link":"https:\/\/nyksundretreat.com\/en\/personvernerklaering\/","title":{"rendered":"Personvernerkl\u00e6ring"},"content":{"rendered":"\n<h1 class=\"wp-block-heading\">Hvem vi er<\/h1>\n\n\n\n<p>V\u00e5r nettstedsadresse er: https:\/\/www.nyksundretreat.com<\/p>\n\n\n\n<h2 class=\"wp-block-heading\">Hvilke personopplysninger vi samler inn og hvorfor vi samler de inn<\/h2>\n\n\n\n<h3 class=\"wp-block-heading\">Kommentarer<\/h3>\n\n\n\n<p>En anonym tekststreng generert p\u00e5 grunnlag av e-postadressen din (ogs\u00e5 kalt en \u00abhash\u00bb) kan bli sendt til tjenesten Gravatar for \u00e5 unders\u00f8ke om du har en konto der. Personvernerkl\u00e6ringen til Gravatar ligger her: https:\/\/automattic.com\/privacy\/. Etter at kommentaren din er blitt godkjent, vil profilbildet ditt v\u00e6re synlig for hvem som helst i forbindelse med kommentaren din.<\/p>\n\n\n\n<h3 class=\"wp-block-heading\">Media<\/h3>\n\n\n\n<p>Hvis du laster opp bilder til nettstedet, b\u00f8r du unng\u00e5 \u00e5 laste opp bilder som inneholder informasjon om stedet det er tatt (EXIF GPS). Bes\u00f8kende p\u00e5 siden kan laste ned og hente ut slik informasjon fra bilder p\u00e5 siden.<\/p>\n\n\n\n<h3 class=\"wp-block-heading\">Kontaktskjemaer<\/h3>\n\n\n\n<h3 class=\"wp-block-heading\">Informasjonskapsler<\/h3>\n\n\n\n<p>Hvis du legger inn en kommentar p\u00e5 dette nettstedet, kan du be oss om \u00e5 huske navn, e-post og nettsted. Denne informasjonen lagres i en informasjonskapsel og er der for \u00e5 gj\u00f8re ting lettere for deg. Du trenger da ikke \u00e5 gi inn denne informasjonen p\u00e5 nytt neste gang du legger inn en kommentar. Disse informasjonskapslene utl\u00f8per etter ett \u00e5r.<\/p>\n\n\n\n<h3 class=\"wp-block-heading\">Innebygd innhold fra andre nettsteder<\/h3>\n\n\n\n<p>Artikler p\u00e5 denne siden kan inkludere innebygd innhold (f.eks. videoer, bilder, artikler osv.). Innebygd innhold fra andre nettsteder oppf\u00f8rer seg p\u00e5 n\u00f8yaktig samme m\u00e5te som om den bes\u00f8kende hadde bes\u00f8kt nettstedet som det innebygde innholdet kommer fra.<\/p>\n\n\n\n<p>Disse nettstedene kan samle inn opplysninger om deg, bruke informasjonskapsler, bygge inn sporingssystemer fra tredjeparter og overv\u00e5ke hva du gj\u00f8r via dette innebygde innholdet. Dette omfatter ogs\u00e5 sporing av handlingene dine via det innebygde innholdet dersom du har en konto og er logget inn p\u00e5 nettstedet.<\/p>\n\n\n\n<h3 class=\"wp-block-heading\">Analyse<\/h3>\n\n\n\n<h2 class=\"wp-block-heading\">Hvem vi deler dine opplysninger med<\/h2>\n\n\n\n<p>Nettstedet deler ikke opplysninger om bes\u00f8kende med 3. part.<\/p>\n\n\n\n<h2 class=\"wp-block-heading\">Hvor lenge vi oppbevarer opplysninger om deg<\/h2>\n\n\n\n<p>Hvis du legger igjen en kommentar, blir kommentaren og informasjon om kommentaren lagret p\u00e5 ubestemt tid. Dette er for at vi kan gjenkjenne oppf\u00f8lgingskommentarer og godkjenne dem automatisk i stedet for \u00e5 legge dem i en k\u00f8 der de m\u00e5 godkjennes manuelt av en redakt\u00f8r.<\/p>\n\n\n\n<h2 class=\"wp-block-heading\">Hvor vi sender opplysninger om deg<\/h2>\n\n\n\n<p>Bes\u00f8kendes kommentarer kan bli kontrollert gjennom en automatisk gjenkjennelsestjeneste mot s\u00f8ppelkommentarer.<\/p>\n\n\n\n<h2 class=\"wp-block-heading\">Tilleggsinformasjon<\/h2>\n\n\n\n<h3 class=\"wp-block-heading\">Hvordan vi beskytter dine personopplysninger<\/h3>\n\n\n\n<p>Nettstedet er beskyttet ved SSL-kryptering, og innlogging forutsetter tofaktorautentisering for beskyttelse mot u\u00f8nskete inntrengere.<\/p>\n\n\n\n<h3 class=\"wp-block-heading\">V\u00e5re rutiner for datalekkasjer<\/h3>\n\n\n\n<h3 class=\"wp-block-heading\">Hvilke tredjeparter vi mottar opplysninger fra<\/h3>\n\n\n\n<p>Nettstedet mottar ikke opplysninger fra tredjeparter.<\/p>\n","protected":false},"excerpt":{"rendered":"<p>Hvem vi er V\u00e5r nettstedsadresse er: https:\/\/www.nyksundretreat.com Hvilke personopplysninger vi samler inn og hvorfor vi samler de inn Kommentarer En anonym tekststreng generert p\u00e5 grunnlag av e-postadressen din (ogs\u00e5 kalt en \u00abhash\u00bb) kan bli sendt til tjenesten Gravatar for \u00e5 unders\u00f8ke om du har en konto der. Personvernerkl\u00e6ringen til Gravatar ligger her: https:\/\/automattic.com\/privacy\/. Etter at &hellip; <a href=\"https:\/\/nyksundretreat.com\/en\/personvernerklaering\/\" class=\"more-link\">Continue reading <span class=\"screen-reader-text\">Personvernerkl\u00e6ring<\/span> <span class=\"meta-nav\">&rarr;<\/span><\/a><\/p>\n","protected":false},"author":3,"featured_media":0,"parent":0,"menu_order":0,"comment_status":"closed","ping_status":"closed","template":"","meta":{"footnotes":""},"class_list":["post-5157","page","type-page","status-publish","hentry"],"_links":{"self":[{"href":"https:\/\/nyksundretreat.com\/en\/wp-json\/wp\/v2\/pages\/5157","targetHints":{"allow":["GET"]}}],"collection":[{"href":"https:\/\/nyksundretreat.com\/en\/wp-json\/wp\/v2\/pages"}],"about":[{"href":"https:\/\/nyksundretreat.com\/en\/wp-json\/wp\/v2\/types\/page"}],"author":[{"embeddable":true,"href":"https:\/\/nyksundretreat.com\/en\/wp-json\/wp\/v2\/users\/3"}],"replies":[{"embeddable":true,"href":"https:\/\/nyksundretreat.com\/en\/wp-json\/wp\/v2\/comments?post=5157"}],"version-history":[{"count":1,"href":"https:\/\/nyksundretreat.com\/en\/wp-json\/wp\/v2\/pages\/5157\/revisions"}],"predecessor-version":[{"id":5158,"href":"https:\/\/nyksundretreat.com\/en\/wp-json\/wp\/v2\/pages\/5157\/revisions\/5158"}],"wp:attachment":[{"href":"https:\/\/nyksundretreat.com\/en\/wp-json\/wp\/v2\/media?parent=5157"}],"curies":[{"name":"wp","href":"https:\/\/api.w.org\/{rel}","templated":true}]}}