{"id":4889,"date":"2019-06-27T10:38:09","date_gmt":"2019-06-27T08:38:09","guid":{"rendered":"http:\/\/nyksundretreat.com\/?page_id=4889"},"modified":"2021-06-30T13:41:54","modified_gmt":"2021-06-30T11:41:54","slug":"eva-vold-keramikk","status":"publish","type":"page","link":"https:\/\/nyksundretreat.com\/en\/eva-vold-keramikk\/","title":{"rendered":"(Norsk) Eva Vold &#8211; keramikk"},"content":{"rendered":"\n<figure class=\"wp-block-image size-large\"><img loading=\"lazy\" decoding=\"async\" width=\"1240\" height=\"889\" src=\"https:\/\/nyksundretreat.com\/wp-content\/uploads\/2021\/06\/Keramiker-Eva-Vold-Foto-Svein-Erik-Toien-2019-11-13-1240x889.jpg\" alt=\"\" class=\"wp-image-5170\" srcset=\"https:\/\/nyksundretreat.com\/wp-content\/uploads\/2021\/06\/Keramiker-Eva-Vold-Foto-Svein-Erik-Toien-2019-11-13-1240x889.jpg 1240w, https:\/\/nyksundretreat.com\/wp-content\/uploads\/2021\/06\/Keramiker-Eva-Vold-Foto-Svein-Erik-Toien-2019-11-13-300x215.jpg 300w, https:\/\/nyksundretreat.com\/wp-content\/uploads\/2021\/06\/Keramiker-Eva-Vold-Foto-Svein-Erik-Toien-2019-11-13-768x550.jpg 768w, https:\/\/nyksundretreat.com\/wp-content\/uploads\/2021\/06\/Keramiker-Eva-Vold-Foto-Svein-Erik-Toien-2019-11-13-1536x1101.jpg 1536w, https:\/\/nyksundretreat.com\/wp-content\/uploads\/2021\/06\/Keramiker-Eva-Vold-Foto-Svein-Erik-Toien-2019-11-13.jpg 1772w\" sizes=\"auto, (max-width: 1240px) 100vw, 1240px\" \/><figcaption>Keramiker Eva Vold i verkstedet<\/figcaption><\/figure>\n\n\n\n<p>EVA VOLD er keramiker bosatt i Oslo, og er utdannet p\u00e5 Statens Kunst og H\u00e5ndverkskole med hovedoppgave i keramikk.<\/p>\n\n\n\n<p>Hun arbeider hovedsakelig med porselensleire, noe som gj\u00f8r at gjenstandene b\u00e5de blir tynne og sterke, samtidig som fargene blir ekstra lysende og transparente. Havet er en viktig inspirasjonskilde for Eva, b\u00e5de n\u00e5r det gjelder farger og motiver. &nbsp;<\/p>\n\n\n\n<p>Allerede i 1990 som nyutdannet keramiker ble hun invitert til sin f\u00f8rste utstilling i Kunstnerforbundet i Oslo.<\/p>\n\n\n\n<p>Eva har siden deltatt p\u00e5 en rekke utstillinger i inn- og utland, og hennes vakre gjenstander er innkj\u00f8pt av mange kunstmuseer og samlinger, bl.a. i Tyskland og USA.<\/p>\n","protected":false},"excerpt":{"rendered":"<p>EVA VOLD er keramiker bosatt i Oslo, og er utdannet p\u00e5 Statens Kunst og H\u00e5ndverkskole med hovedoppgave i keramikk. Hun arbeider hovedsakelig med porselensleire, noe som gj\u00f8r at gjenstandene b\u00e5de blir tynne og sterke, samtidig som fargene blir ekstra lysende og transparente. Havet er en viktig inspirasjonskilde for Eva, b\u00e5de n\u00e5r det gjelder farger og &hellip; <a href=\"https:\/\/nyksundretreat.com\/en\/eva-vold-keramikk\/\" class=\"more-link\">Continue reading <span class=\"screen-reader-text\">(Norsk) Eva Vold &#8211; keramikk<\/span> <span class=\"meta-nav\">&rarr;<\/span><\/a><\/p>\n","protected":false},"author":1,"featured_media":0,"parent":0,"menu_order":0,"comment_status":"closed","ping_status":"closed","template":"","meta":{"footnotes":""},"class_list":["post-4889","page","type-page","status-publish","hentry"],"_links":{"self":[{"href":"https:\/\/nyksundretreat.com\/en\/wp-json\/wp\/v2\/pages\/4889","targetHints":{"allow":["GET"]}}],"collection":[{"href":"https:\/\/nyksundretreat.com\/en\/wp-json\/wp\/v2\/pages"}],"about":[{"href":"https:\/\/nyksundretreat.com\/en\/wp-json\/wp\/v2\/types\/page"}],"author":[{"embeddable":true,"href":"https:\/\/nyksundretreat.com\/en\/wp-json\/wp\/v2\/users\/1"}],"replies":[{"embeddable":true,"href":"https:\/\/nyksundretreat.com\/en\/wp-json\/wp\/v2\/comments?post=4889"}],"version-history":[{"count":3,"href":"https:\/\/nyksundretreat.com\/en\/wp-json\/wp\/v2\/pages\/4889\/revisions"}],"predecessor-version":[{"id":5243,"href":"https:\/\/nyksundretreat.com\/en\/wp-json\/wp\/v2\/pages\/4889\/revisions\/5243"}],"wp:attachment":[{"href":"https:\/\/nyksundretreat.com\/en\/wp-json\/wp\/v2\/media?parent=4889"}],"curies":[{"name":"wp","href":"https:\/\/api.w.org\/{rel}","templated":true}]}}