{"id":369,"date":"2014-07-02T01:41:21","date_gmt":"2014-07-01T23:41:21","guid":{"rendered":"http:\/\/nyksundretreat.com\/?page_id=369"},"modified":"2026-03-29T19:11:45","modified_gmt":"2026-03-29T17:11:45","slug":"om-oss-2","status":"publish","type":"page","link":"https:\/\/nyksundretreat.com\/en\/hjem\/om-oss-2\/","title":{"rendered":"About us"},"content":{"rendered":"<div class=\"wp-block-image\">\n<figure class=\"alignleft size-medium\"><img loading=\"lazy\" decoding=\"async\" width=\"300\" height=\"300\" src=\"https:\/\/nyksundretreat.com\/wp-content\/uploads\/2026\/03\/2023-09-30-20230930_171332-S22-1-300x300.jpg\" alt=\"\" class=\"wp-image-6489\" srcset=\"https:\/\/nyksundretreat.com\/wp-content\/uploads\/2026\/03\/2023-09-30-20230930_171332-S22-1-300x300.jpg 300w, https:\/\/nyksundretreat.com\/wp-content\/uploads\/2026\/03\/2023-09-30-20230930_171332-S22-1-1240x1240.jpg 1240w, https:\/\/nyksundretreat.com\/wp-content\/uploads\/2026\/03\/2023-09-30-20230930_171332-S22-1-150x150.jpg 150w, https:\/\/nyksundretreat.com\/wp-content\/uploads\/2026\/03\/2023-09-30-20230930_171332-S22-1-768x768.jpg 768w, https:\/\/nyksundretreat.com\/wp-content\/uploads\/2026\/03\/2023-09-30-20230930_171332-S22-1-1536x1536.jpg 1536w, https:\/\/nyksundretreat.com\/wp-content\/uploads\/2026\/03\/2023-09-30-20230930_171332-S22-1-2048x2048.jpg 2048w\" sizes=\"auto, (max-width: 300px) 100vw, 300px\" \/><\/figure>\n<\/div>\n\n\n<p><\/p>\n\n\n<div class=\"wp-block-image\">\n<figure class=\"alignleft size-medium\"><img loading=\"lazy\" decoding=\"async\" width=\"300\" height=\"300\" src=\"https:\/\/nyksundretreat.com\/wp-content\/uploads\/2026\/03\/2023-09-30-20230930_171332-S22-1-300x300.jpg\" alt=\"\" class=\"wp-image-6489\" srcset=\"https:\/\/nyksundretreat.com\/wp-content\/uploads\/2026\/03\/2023-09-30-20230930_171332-S22-1-300x300.jpg 300w, https:\/\/nyksundretreat.com\/wp-content\/uploads\/2026\/03\/2023-09-30-20230930_171332-S22-1-1240x1240.jpg 1240w, https:\/\/nyksundretreat.com\/wp-content\/uploads\/2026\/03\/2023-09-30-20230930_171332-S22-1-150x150.jpg 150w, https:\/\/nyksundretreat.com\/wp-content\/uploads\/2026\/03\/2023-09-30-20230930_171332-S22-1-768x768.jpg 768w, https:\/\/nyksundretreat.com\/wp-content\/uploads\/2026\/03\/2023-09-30-20230930_171332-S22-1-1536x1536.jpg 1536w, https:\/\/nyksundretreat.com\/wp-content\/uploads\/2026\/03\/2023-09-30-20230930_171332-S22-1-2048x2048.jpg 2048w\" sizes=\"auto, (max-width: 300px) 100vw, 300px\" \/><\/figure>\n<\/div>\n\n\n<p><span id=\"result_box\" class=\"\" lang=\"en\"><span title=\"Marie Elisabeth Mjaaland (f\u00f8dt 1958) er daglig leder og eier av Nyksund Kurs &amp; Retreatg\u00e5rd.\"><strong>Marie Elisabeth Mjaaland<\/strong> is the CEO and owner of Nyksund Courses &amp; Retreat Center. <\/span><span title=\"Hun er utdannet sivil\u00f8konom (\u00d6rebro 1980), filosof\/cand.\">She holds an MBA (Orebro 1980), philosopher \/ cand. <\/span><span title=\"philol.\">philol. <\/span><span title=\"(Troms\u00f8 2002, avhandling om Martin Bubers dialogfilosofi) og prest (Oslo 2008), og har bl.a.\">(Tromso 2002 treatise on Martin Bubers dialogue philosophy) and priest (Oslo 2008).&nbsp;<\/span><span title=\"Hun har ogs\u00e5 mellomfag i kunsthistorie, mellomfagstillegg i kommunal ledelse, samt et meget omfattende selvstudium og praksis i kristen mystikk, spiritualitet og selvutvikling (ca 35 \u00e5r).\">She also has an intermediate exam in art history, intermediate addition in municipal management, as well as a very extensive self-study and practice of Christian mysticism, spirituality and self-development (about 40 years). <\/span><\/span><\/p>\n\n\n\n<p><span title=\"Marie opplever seg sterkt forbundet med naturen og Moder Jord, og henter mye av sin daglige inspirasjon fra naturen og lysets mange skiftninger.\">Marie experiences herself strongly associated with nature and Mother Earth, and owes much of her daily inspiration from nature and the many shifts of light. <\/span><span title=\"Gjennom flere omfattende og dyptgripende indre forvandlings- og omstillingsprosesser har hun tilegnet seg dype innsikter i s\u00e5 vel spirituelle som kreative og innovative prosesser, som hva det vil s\u00e5 \u00e5 v\u00e6re menneske i dag.\">Through more extensive and profound inner processes of transformation and restructuring, she has gained deep insights in both spiritual and creative and innovative processes, like what it means to be a human today. <\/span><\/p>\n\n\n\n<p><span title=\"Marie er overbevist om at alle mennesker er ett, og at alt vi sier, tenker og gj\u00f8r, n\u00f8dvendigvis p\u00e5virker helheten.\">Marie is convinced that all people are one, and that everything we say, think and do, necessarily affects the whole. <\/span><span title=\"Hun er ogs\u00e5 overbevist om at mange av de utfordringer menneskeheten og planeten st\u00e5r overfor idag stammer fra manglende bevissthet om denne sammenhengen.\n\n\">She is also convinced that many of the challenges humanity and the planet faces today stem from lack of awareness of this connection.<\/span><\/p>\n\n\n\n<p><span title=\"Marie har evnen til \u00e5 g\u00e5 i dybden, og \u00e5 v\u00e6re n\u00e6rv\u00e6rende i m\u00f8tet med andre mennesker, og \u00f8nsker gjennom sin forfatter- og retreatvirksomhet legge tilrette for den enkeltes gjenopprettelse av sin egen unike kontakt med helheten\/kilden til alt liv.\">Marie has the ability to go in depth and to be present at the meeting with other people, and wishes through her Author- and retreat business to facilitate the individual&#8217;s restoration of his\/her own unique touch with the totality \/ source of all life. <\/span><span title=\"Bare p\u00e5 den m\u00e5ten er det mulig \u00e5 skape gode og varige forandringer til planeten og fellesskapets beste, mener hun.\n\n\">Only in this way it is possible to create good and lasting changes to the planet and the common good, she says.<\/span><\/p>\n\n\n\n<p><span title=\"Marie er oppvokst i Munktorp p\u00e5 den svenske landsbygden 15 mil vest for Stockholm, men har bodd i Nord-Norge siden 1980.\">Marie was born 1958 and grew up in Munktorp on the Swedish countryside 15 mil west of Stockholm. She has lived in Northern Norway (Lofoten, Vester\u00e5len and Tromso) since 1980.<\/span><\/p>\n\n\n<div class=\"wp-block-image\">\n<figure class=\"alignleft\"><a href=\"http:\/\/nyksundretreat.com\/wp-content\/uploads\/2015\/05\/2014-11-16-17-07-9728-K5II-1-6.jpg\"><img loading=\"lazy\" decoding=\"async\" width=\"300\" height=\"300\" src=\"http:\/\/nyksundretreat.com\/wp-content\/uploads\/2015\/05\/2014-11-16-17-07-9728-K5II-1-6-300x300.jpg\" alt=\"\" class=\"wp-image-1352\" srcset=\"https:\/\/nyksundretreat.com\/wp-content\/uploads\/2015\/05\/2014-11-16-17-07-9728-K5II-1-6-300x300.jpg 300w, https:\/\/nyksundretreat.com\/wp-content\/uploads\/2015\/05\/2014-11-16-17-07-9728-K5II-1-6-150x150.jpg 150w, https:\/\/nyksundretreat.com\/wp-content\/uploads\/2015\/05\/2014-11-16-17-07-9728-K5II-1-6-1240x1240.jpg 1240w, https:\/\/nyksundretreat.com\/wp-content\/uploads\/2015\/05\/2014-11-16-17-07-9728-K5II-1-6.jpg 1280w\" sizes=\"auto, (max-width: 300px) 100vw, 300px\" \/><\/a><\/figure>\n<\/div>\n\n\n<p><\/p>\n\n\n\n<p><span class=\"HwtZe\" lang=\"en\"><span class=\"jCAhz ChMk0b\"><span class=\"ryNqvb\"><strong>Svein Erik T\u00f8ien<\/strong> is married to Marie, web manager, handyman and caretaker at Nyksund Retreat.<\/span><\/span> <\/span><\/p>\n\n\n\n<p><span class=\"HwtZe\" lang=\"en\"><span class=\"jCAhz ChMk0b\"><span class=\"ryNqvb\">He is a civil architect (Trondheim 1979), and has mainly worked with planning public buildings such as schools, kindergartens and health facilities.<\/span><\/span> <\/span><\/p>\n\n\n\n<p><span class=\"HwtZe\" lang=\"en\"><span class=\"jCAhz ChMk0b\"><span class=\"ryNqvb\">1982 -1992 Svein Erik was co-owner of the architectural office Arbeidsgruppen HUS in Bergen, where he worked on projects for Steiner schools in Bergen and Stavanger.<\/span><\/span> <\/span><\/p>\n\n\n\n<p><span class=\"HwtZe\" lang=\"en\"><span class=\"jCAhz ChMk0b\"><span class=\"ryNqvb\">1993 &#8211; 2014 Svein Erik was employed by BOARCH arkitekter AS in Bod\u00f8, and was mainly responsible for Skjerstad school and kindergarten, Steiner kindergarten in Bod\u00f8, Fauske upper secondary school, and a new hospital building for Nordlandssykehuset Vester\u00e5len (Stokmarknes, head of the architectural team, full-time employment 2008-2014).<\/span><\/span> <\/span><\/p>\n\n\n\n<p><span class=\"HwtZe\" lang=\"en\"><span class=\"jCAhz ChMk0b\"><span class=\"ryNqvb\">2014 Svein Erik established his own architectural firm in Nyksund, NYKSUNDARK.<\/span><\/span> <span class=\"jCAhz ChMk0b\"><span class=\"ryNqvb\">More information about the business can be found <a href=\"https:\/\/www.nyksundark.no\/\"><strong>here<\/strong> <\/a><\/span><\/span><\/span><\/p>\n\n\n\n<p><em><span class=\"HwtZe\" lang=\"en\"><span class=\"jCAhz ChMk0b\"><span class=\"ryNqvb\">Svein Erik is concerned that architecture should create good places and spaces for human interaction and meetings, while at the same time that the buildings themselves express something that resonates with the user\/viewer.<\/span><\/span><\/span><\/em><\/p>\n\n\n\n<p><span title=\"Svein Erik er oppvokst p\u00e5 \u00d8stlandet, men har bodd i Nord-Norge siden 1993. Han har etablert eget arkitektkontor i Nyksund, kalt NYKSUNDARK.\n\n\"><span class=\"HwtZe\" lang=\"en\"><span class=\"jCAhz ChMk0b\"><span class=\"ryNqvb\">From an early age, Svein Erik has been interested in photography, and since 2006 he has had his own online gallery &#8211; Svein Erik T\u00f8ien Photography, <strong><a href=\"https:\/\/www.setoien.com\/\">www.setoien.com <\/a><\/strong><\/span><\/span><\/span><\/span><\/p>\n\n\n\n<p><span title=\"Svein Erik er oppvokst p\u00e5 \u00d8stlandet, men har bodd i Nord-Norge siden 1993. Han har etablert eget arkitektkontor i Nyksund, kalt NYKSUNDARK.\n\n\"><span class=\"HwtZe\" lang=\"en\"><span class=\"jCAhz ChMk0b\"><span class=\"ryNqvb\">Since 2013, Svein Erik has held solo exhibitions in Norway, Sweden and Iceland, and for two periods he has also been an invited guest artist in East Iceland.<\/span><\/span> <span class=\"jCAhz ChMk0b\"><span class=\"ryNqvb\">From 2015 he has had his own exhibition spaces in Nyksund ART Gallery.<\/span><\/span> <\/span><\/span><\/p>\n\n\n\n<p><span title=\"Svein Erik er oppvokst p\u00e5 \u00d8stlandet, men har bodd i Nord-Norge siden 1993. Han har etablert eget arkitektkontor i Nyksund, kalt NYKSUNDARK.\n\n\"><span class=\"HwtZe\" lang=\"en\"><span class=\"jCAhz ChMk0b\"><span class=\"ryNqvb\">For many years, Svein Erik has worked with landscape and nature motifs, where he has particularly tried to make visible the invisible and magical in nature &#8211; without any form of manipulation or photoshopping.<\/span><\/span> <\/span><\/span><\/p>\n\n\n\n<p><span title=\"Svein Erik er oppvokst p\u00e5 \u00d8stlandet, men har bodd i Nord-Norge siden 1993. Han har etablert eget arkitektkontor i Nyksund, kalt NYKSUNDARK.\n\n\"><span class=\"HwtZe\" lang=\"en\"><span class=\"jCAhz ChMk0b\"><span class=\"ryNqvb\">In 2022, however, Svein Erik&#8217;s creative activity took a sudden unexpected turn.<\/span><\/span> <span class=\"jCAhz ChMk0b\"><span class=\"ryNqvb\">Triggered by, among other things, two years of pandemic and severely limited freedom of movement at times &#8211; and war in Ukraine that suddenly also threatened the stability and security in our part of the world &#8211; Svein Erik felt a strong need to give the feelings of fear, uncertainty and absurdity a creative expression.<\/span><\/span> <\/span><\/span><\/p>\n\n\n\n<p><span title=\"Svein Erik er oppvokst p\u00e5 \u00d8stlandet, men har bodd i Nord-Norge siden 1993. Han har etablert eget arkitektkontor i Nyksund, kalt NYKSUNDARK.\n\n\"><span class=\"HwtZe\" lang=\"en\"><span class=\"jCAhz ChMk0b\"><span class=\"ryNqvb\">Svein Erik began to use his own photographic material freely and unrestrainedly.<\/span><\/span> <span class=\"jCAhz ChMk0b\"><span class=\"ryNqvb\">The landscape images were given surprising and absurd \/ surreal elements, wildlife took up a larger space than usual, and &#8211; says Svein Erik, &#8220;It was as if nature itself were asking &#8216;What are you really doing?!'&#8221; The result has been a series of photo collages where the elements interact in unexpected and &#8220;impossible&#8221; ways, and where the viewer can find layers upon layers of meaning and content &#8211; all based on his own photographs, and without the intervention of any form of artificial intelligence.<\/span><\/span> <span class=\"jCAhz ChMk0b\"><span class=\"ryNqvb\">And behind it all lies a feeling that existence is so infinitely greater than what our limited &#8220;daytime consciousness&#8221; tells us.<\/span><\/span> <\/span><\/span><\/p>\n\n\n\n<p><span title=\"Svein Erik er oppvokst p\u00e5 \u00d8stlandet, men har bodd i Nord-Norge siden 1993. Han har etablert eget arkitektkontor i Nyksund, kalt NYKSUNDARK.\n\n\"><span class=\"HwtZe\" lang=\"en\"><span class=\"jCAhz ChMk0b\"><span class=\"ryNqvb\">Svein Erik was born in 1955, raised in Eastern Norway, and has lived in Northern Norway since 1993.<\/span><\/span><\/span>&nbsp;<\/span><\/p>\n\n\n\n<p><span title=\"Bilder fra Nyksund i Svein Eriks nettgalleri finner du her.\">Pictures of Nyksund in Svein Erik Web gallery can be found <a href=\"http:\/\/www.setoien.com\/Travel\/Nyksund-in-Vesteraalin\/\"><strong>here<\/strong><\/a><strong>.<\/strong><\/span><\/p>\n\n\n\n<p><strong>&nbsp;<\/strong><\/p>\n\n\n\n<p><span style=\"border-radius: 2px; text-indent: 20px; width: auto; padding: 0px 4px 0px 0px; text-align: center; font: bold 11px\/20px 'Helvetica Neue',Helvetica,sans-serif; color: #ffffff; background: #bd081c no-repeat scroll 3px 50% \/ 14px 14px; position: absolute; opacity: 1; z-index: 8675309; display: none; cursor: pointer;\">Save<\/span><\/p>","protected":false},"excerpt":{"rendered":"<p>Marie Elisabeth Mjaaland is the CEO and owner of Nyksund Courses &amp; Retreat Center. She holds an MBA (Orebro 1980), philosopher \/ cand. philol. (Tromso 2002 treatise on Martin Bubers dialogue philosophy) and priest (Oslo 2008).&nbsp;She also has an intermediate exam in art history, intermediate addition in municipal management, as well as a very extensive &hellip; <a href=\"https:\/\/nyksundretreat.com\/en\/hjem\/om-oss-2\/\" class=\"more-link\">Continue reading <span class=\"screen-reader-text\">About us<\/span> <span class=\"meta-nav\">&rarr;<\/span><\/a><\/p>\n","protected":false},"author":1,"featured_media":0,"parent":177,"menu_order":4,"comment_status":"closed","ping_status":"closed","template":"","meta":{"footnotes":""},"class_list":["post-369","page","type-page","status-publish","hentry"],"_links":{"self":[{"href":"https:\/\/nyksundretreat.com\/en\/wp-json\/wp\/v2\/pages\/369","targetHints":{"allow":["GET"]}}],"collection":[{"href":"https:\/\/nyksundretreat.com\/en\/wp-json\/wp\/v2\/pages"}],"about":[{"href":"https:\/\/nyksundretreat.com\/en\/wp-json\/wp\/v2\/types\/page"}],"author":[{"embeddable":true,"href":"https:\/\/nyksundretreat.com\/en\/wp-json\/wp\/v2\/users\/1"}],"replies":[{"embeddable":true,"href":"https:\/\/nyksundretreat.com\/en\/wp-json\/wp\/v2\/comments?post=369"}],"version-history":[{"count":152,"href":"https:\/\/nyksundretreat.com\/en\/wp-json\/wp\/v2\/pages\/369\/revisions"}],"predecessor-version":[{"id":6673,"href":"https:\/\/nyksundretreat.com\/en\/wp-json\/wp\/v2\/pages\/369\/revisions\/6673"}],"up":[{"embeddable":true,"href":"https:\/\/nyksundretreat.com\/en\/wp-json\/wp\/v2\/pages\/177"}],"wp:attachment":[{"href":"https:\/\/nyksundretreat.com\/en\/wp-json\/wp\/v2\/media?parent=369"}],"curies":[{"name":"wp","href":"https:\/\/api.w.org\/{rel}","templated":true}]}}