{"id":2245,"date":"2016-01-10T16:31:27","date_gmt":"2016-01-10T15:31:27","guid":{"rendered":"http:\/\/nyksundretreat.com\/?page_id=2245"},"modified":"2026-03-11T15:55:40","modified_gmt":"2026-03-11T14:55:40","slug":"betaling-og-avbestillingsregler","status":"publish","type":"page","link":"https:\/\/nyksundretreat.com\/en\/hjem\/betaling-og-avbestillingsregler\/","title":{"rendered":"Payment and cancellation rules"},"content":{"rendered":"<p><em><strong>Welcome to NYKSUND RETREAT AS &#8211; a meeting place for creativity, spirituality and recreation!<\/strong><\/em> \ud83d\ude42<\/p>\n<p><span id=\"result_box\" class=\"\" lang=\"en\"><span class=\"\">We look forward to having you as our guest, and ask you kindly to read\u00a0 the following payment and cancellation rules with attention:<br \/>\n<\/span><\/span><\/p>\n<p><span id=\"result_box\" class=\"\" lang=\"en\"><span title=\"Vi gleder oss til \u00e5 ha deg som gjest, og ber deg om \u00e5 lese n\u00f8ye gjennom f\u00f8lgende vilk\u00e5r: \">\u00a0<\/span><\/span><\/p>\n<p><span title=\"BESTILLING OG BETALING \"><strong>BOOKING AND PAYMENT<br \/>\n<\/strong><\/span><\/p>\n<p><span title=\"Bestillingen\/p\u00e5meldingen er bindende s\u00e5 snart muntlig eller skriftlig avtale har funnet sted.\">The reservation is binding as soon as verbal or written agreement has taken place. <\/span><span title=\"Samtidig med bestilling\/p\u00e5melding bekrefter du at du har lest og akseptert v\u00e5re vilk\u00e5r. \">Simultaneously with the reservation, you confirm that you have read and accepted our terms.<\/span><\/p>\n<p><span title=\"Retreatgjester betaler NOK 1.000,- i depositum innen 3 virkedager etter at p\u00e5meldingen er bekreftet.\">The customer\u00a0 pay a deposit of NOK 5.000, &#8211;\u00a0 no later than 3 days after the booking is confirmed by NYKSUND RETREAT AS. Remaining amount must be paid no later than 30 days before arrival.<\/span><\/p>\n<p><span title=\"Retreatgjester betaler NOK 1.000,- i depositum innen 3 virkedager etter at p\u00e5meldingen er bekreftet.\">If the entire amount is less than NOK 5.000,-,\u00a0 the full amount\u00a0 will be paid. <\/span><\/p>\n<p><span title=\"Retreatgjester betaler NOK 1.000,- i depositum innen 3 virkedager etter at p\u00e5meldingen er bekreftet.\">The reservation will be deleted in case of non-payment.<\/span><\/p>\n<p><strong>CONTACT INFORMATION<\/strong><\/p>\n<p><strong>Email:<\/strong> post@nyksundretreat.com<\/p>\n<p><strong>Phone:<\/strong> + 47 99 38 12 77<\/p>\n<p><strong>Address:<\/strong> Nyksund, Postboks 234, NO-8439 MYRE, Norway<\/p>\n<p><strong>PAYMENT INFORMATION<\/strong><\/p>\n<p><span title=\"Bankkonto nr. 1503.48.95276. \"><strong>Bank Account No.<\/strong> 4750.50.85473.<\/span><\/p>\n<p><span title=\"(Betaling fra utlandet: IBAN: NO11 1503.48.95276, BIC\/Swift-adresse: DNBANOKKXXX). \"><strong>Payment from abroad:<\/strong> IBAN: NO55 4750 50 85473, BIC \/ Swift address: SNOWNO22<br \/>\n<\/span><\/p>\n<p><strong><em><span title=\"NB!\">Note: <\/span><\/em><\/strong><span title=\"Husk \u00e5 oppgi navn, telefonnummer, ankomstdag og arrangement. \"><em>Please\u00a0 remember to enter your name, phone number, arrival date, and name of event, upon the payment!<\/em><br \/>\n<\/span><\/p>\n<p><strong>CANCELLATION<\/strong><\/p>\n<p>In case of cancellation, please contact Nyksund Retreat AS immediately!<\/p>\n<p>Cancellation more than 30 days before arrival will be full refunded minus a cancellation fee of NOK 1.000,-<\/p>\n<p>Cancellation 30-15 days before arrival will be refunded with 50 % of the full amount.<\/p>\n<p>Cancellation 14-0 days before arrival will not be refunded.\u00a0 This also applies in case of non-attendance.<\/p>\n<p><\/p>","protected":false},"excerpt":{"rendered":"<p>Welcome to NYKSUND RETREAT AS &#8211; a meeting place for creativity, spirituality and recreation! \ud83d\ude42 We look forward to having you as our guest, and ask you kindly to read\u00a0 the following payment and cancellation rules with attention: \u00a0 BOOKING AND PAYMENT The reservation is binding as soon as verbal or written agreement has taken &hellip; <a href=\"https:\/\/nyksundretreat.com\/en\/hjem\/betaling-og-avbestillingsregler\/\" class=\"more-link\">Continue reading <span class=\"screen-reader-text\">Payment and cancellation rules<\/span> <span class=\"meta-nav\">&rarr;<\/span><\/a><\/p>\n","protected":false},"author":1,"featured_media":0,"parent":177,"menu_order":6,"comment_status":"closed","ping_status":"closed","template":"","meta":{"footnotes":""},"class_list":["post-2245","page","type-page","status-publish","hentry"],"_links":{"self":[{"href":"https:\/\/nyksundretreat.com\/en\/wp-json\/wp\/v2\/pages\/2245","targetHints":{"allow":["GET"]}}],"collection":[{"href":"https:\/\/nyksundretreat.com\/en\/wp-json\/wp\/v2\/pages"}],"about":[{"href":"https:\/\/nyksundretreat.com\/en\/wp-json\/wp\/v2\/types\/page"}],"author":[{"embeddable":true,"href":"https:\/\/nyksundretreat.com\/en\/wp-json\/wp\/v2\/users\/1"}],"replies":[{"embeddable":true,"href":"https:\/\/nyksundretreat.com\/en\/wp-json\/wp\/v2\/comments?post=2245"}],"version-history":[{"count":51,"href":"https:\/\/nyksundretreat.com\/en\/wp-json\/wp\/v2\/pages\/2245\/revisions"}],"predecessor-version":[{"id":6298,"href":"https:\/\/nyksundretreat.com\/en\/wp-json\/wp\/v2\/pages\/2245\/revisions\/6298"}],"up":[{"embeddable":true,"href":"https:\/\/nyksundretreat.com\/en\/wp-json\/wp\/v2\/pages\/177"}],"wp:attachment":[{"href":"https:\/\/nyksundretreat.com\/en\/wp-json\/wp\/v2\/media?parent=2245"}],"curies":[{"name":"wp","href":"https:\/\/api.w.org\/{rel}","templated":true}]}}