{"id":1606,"date":"2015-08-01T09:06:00","date_gmt":"2015-08-01T07:06:00","guid":{"rendered":"http:\/\/nyksundretreat.com\/?page_id=1606"},"modified":"2026-03-16T11:52:31","modified_gmt":"2026-03-16T10:52:31","slug":"overnatting-priser","status":"publish","type":"page","link":"https:\/\/nyksundretreat.com\/en\/aktuelle-arrangementer\/overnatting-priser\/","title":{"rendered":"accommodation &#8211; short stay &#8211; holiday home"},"content":{"rendered":"<p><\/p>\n<p><a href=\"http:\/\/nyksundretreat.com\/wp-content\/uploads\/2014\/06\/Kart-Nyksund-1-2000-m-markering-4.jpg\"><img loading=\"lazy\" decoding=\"async\" class=\"aligncenter size-large wp-image-1557\" src=\"http:\/\/nyksundretreat.com\/wp-content\/uploads\/2015\/07\/2015-07-14-17-17-5504-K5-1-2-1240x1144.jpg\" alt=\"2015-07-14-17-17-5504-K5-1-2\" width=\"474\" height=\"437\" srcset=\"https:\/\/nyksundretreat.com\/wp-content\/uploads\/2015\/07\/2015-07-14-17-17-5504-K5-1-2-1240x1144.jpg 1240w, https:\/\/nyksundretreat.com\/wp-content\/uploads\/2015\/07\/2015-07-14-17-17-5504-K5-1-2-300x276.jpg 300w, https:\/\/nyksundretreat.com\/wp-content\/uploads\/2015\/07\/2015-07-14-17-17-5504-K5-1-2.jpg 1280w\" sizes=\"auto, (max-width: 474px) 100vw, 474px\" \/><img loading=\"lazy\" decoding=\"async\" class=\"aligncenter size-large wp-image-1186\" src=\"http:\/\/nyksundretreat.com\/wp-content\/uploads\/2014\/06\/Kart-Nyksund-1-2000-m-markering-4-1240x768.jpg\" alt=\"Kart Nyksund 1-2000 m markering 4\" width=\"474\" height=\"293\" srcset=\"https:\/\/nyksundretreat.com\/wp-content\/uploads\/2014\/06\/Kart-Nyksund-1-2000-m-markering-4-1240x768.jpg 1240w, https:\/\/nyksundretreat.com\/wp-content\/uploads\/2014\/06\/Kart-Nyksund-1-2000-m-markering-4-300x186.jpg 300w\" sizes=\"auto, (max-width: 474px) 100vw, 474px\" \/><\/a><span id=\"result_box\" class=\"\" lang=\"en\"><span title=\"Hovedbygningen (150 m2) fra 1881 inneholder 5 soverom\/12 senger, 2 bad, 2 stuer (med bl.a. konferanseutstyr, peis og piano), moderne kj\u00f8kken utstyrt til 20 gjester, vaskemaskin, t\u00f8rkeskap, 3 terasser m.m. \"><strong>The main building<\/strong> (150 m2) from 1881 contains 5 bedrooms \/ 12 beds, 2 bathrooms, 2 living rooms (including conference equipment, fireplace and piano), modern kitchen equipped for 20 guests, washing machine, drying cabinet, 3 terraces, etc.<\/span><\/span><\/p>\n<p><span title=\"\u00abDet gamle Bakeriet\u00bb (105 m2) vis a vis fra 1930-\u00e5rene, inneholder kunstgalleri, m\u00f8telokaler og arkitektkontor i 1. etasje, og i 2. etasje en leilighet med bl.a.\"><strong>\u00abThe Old Bakery\u00bb<\/strong> (105m2) vis a vis from the 1930s, contains art gallery, meeting rooms and architectural office on the ground floor, and on the 1st floor an apartment with <\/span><span title=\"3 soverom\/6 senger, moderne kj\u00f8kken, bad med vaskemaskin, oppholdsrom med peis, samt glassvegg og terrasse vendt mot storhavet . \">3 bedrooms \/ 6 beds, modern kitchen, bathroom with washing machine, living room with fireplace, as well as glass wall and terrace facing the big sea.<\/span><\/p>\n<p><strong><span title=\"Merk: Begge bygningene er tilrettelagt for mindre kurs og konferanser med projektor, lerret m.m.\">Note: Both buildings are suited for smaller courses and conferences with projector, canvas etc. <\/span><span title=\"M\u00e5ltider for inntil 20 pers.\">Meals for up to 20 people. c<\/span><span title=\"kan inntas i hovedbygningen (selvhusholdning eller catering).\">an be arranged in the main building (self catering or catering). <\/span><span title=\"Fasilitetene egner seg ogs\u00e5 godt til intimkonserter, selskapslokaler og kunstnerbolig. \">The facilities are also suitable for intimate concerts, banqueting rooms and artists&#8217; homes.<\/span><\/strong><\/p>\n<p><span title=\"PRISER - OVERNATTING- KORTIDSLEIE \"><strong>RATES &#8211; ACCOMMODATION- SHORT TERM RENTAL<\/strong><\/span><\/p>\n<p><span title=\"Hovedbygningen (Retreatg\u00e5rden): Grunnleie NOK 4.050.- pr natt for inntil 4 pers.\"><strong>Main building<\/strong> (Retreatg\u00e5rden): <\/span><span title=\"Ekstra gjest NOK 450,- (maks 12 gjester). \">New prices are coming&#8230;.<br \/>\n<\/span><\/p>\n<p><span title=\"Det gamle Bakeriet (Gallerileiligheten): Grunnleie NOK 2.250,- pr natt for inntil 2 pers.\"><strong>The Old Bakery<\/strong> (Gallery Apartment):<\/span><span title=\"Ekstra gjest NOK 450,- (maks 6 gjester) \">New prices are coming&#8230;<br \/>\n<\/span><\/p>\n<p><span title=\"PRISER - FERIEBOLIG \"><strong>RATES &#8211; HOLIDAY ACCOMMODATION<\/strong><\/span><\/p>\n<p><strong><span title=\"Kommer du til Nyksund og trenger overnatting den samme natten - sp\u00f8r etter SISTE-MINUTT-PRISER! \">Are you coming to Nyksund and need accommodation the same night &#8211; ask for LAST MINUTE RATES!<\/span><\/strong><\/p>\n<p><span title=\"I prisene inng\u00e5r senget\u00f8y, h\u00e5ndkl\u00e6r, sluttrengj\u00f8ring, samt fri disponering av alle tilgjengelige fasiliteter i boligene, som f.eks.\">The prices include bed linen, towels, final cleaning, and free disposal of all available facilities in the premises, such as <\/span><span title=\"vaskemaskin, t\u00f8rkeskap, parkeringsplasser o.l. \">Washing machine, drying cabinet, parking spaces etc.<\/span><\/p>\n<p><span title=\"Alle priser er inkl. mva.\">All prices include VAT. <\/span><span title=\"for privatpersoner, og eks.\">For private individuals and ex. <\/span><span title=\"mva.\">VAT. <\/span><span title=\"for bedrifter.\">for companies. <\/span><span title=\"R\u00f8yking, dyr og eget senget\u00f8y er ikke tillatt i bygningene. \">Smoking, animals and own linens are not allowed in the buildings.<\/span><\/p>\n<p><span title=\"Normal innsjekking er fra kl.\">Normal check in is from <\/span><span title=\"16.00, og utsjekking senest kl.\">16:00 and check-out by noon. <\/span><span title=\"11.00.\">11:00. <\/span><span title=\"Andre tider kan avtales. \">Other times can be agreed.<\/span><\/p>\n<p><strong><span title=\"NB!\">NB! <\/span><\/strong><span title=\"Respektive bygning leies ut som \u00e9n samlet utleieenhet (det er alts\u00e5 ikke mulig \u00e5 leie kun et rom) \"><strong>Respective building is rented as a single rental unit<\/strong> (it is thus not possible to rent only one room)<\/span><\/p>\n<p><strong><span title=\"NB!!\">NB !! <\/span><\/strong><span title=\"Kun direkte booking til NYKSUND KURS &amp; RETREATG\u00c5RD \/ Nyksund ART Gallery!\"><strong>Only direct booking to NYKSUND COURSE &amp; RETREATG\u00c5RD \/ Nyksund ART Gallery!<\/strong> <\/span><span title=\"Vi er alts\u00e5 ikke \u00e5 finne p\u00e5 booking.com, o.l. \">We are therefore not available on booking.com, et al.<\/span><\/p>\n<p><strong><span title=\"KONTAKTINFO: \">CONTACT INFO:<\/span><\/strong><\/p>\n<p><strong><span title=\"Epost: post@nyksundretreat.com \">Email: post@nyksundretreat.com<\/span><\/strong><\/p>\n<p><strong><span title=\"Telefon\/sms: + 47 99 38 12 77 \">Phone \/ SMS: + 47 99 38 12 77<\/span><\/strong><\/p>\n<p><em><span title=\"Hjertelig velkommen til Nyksund Kurs &amp; Retreatg\u00e5rd - m\u00f8testedet for kreativitet, spiritualitet og rekreasjon!\">Welcome to Nyksund Kurs &amp; Retreatg\u00e5rd &#8211; the venue for creativity, spirituality and recreation! <\/span><\/em><span title=\":-) \"><em>\ud83d\ude42<\/em><\/span><\/p>\n<p><img loading=\"lazy\" decoding=\"async\" class=\"aligncenter wp-image-6478 size-full\" src=\"https:\/\/nyksundretreat.com\/wp-content\/uploads\/2026\/03\/30-Stue-1-scaled.jpg\" alt=\"\" width=\"2560\" height=\"1709\" srcset=\"https:\/\/nyksundretreat.com\/wp-content\/uploads\/2026\/03\/30-Stue-1-scaled.jpg 2560w, https:\/\/nyksundretreat.com\/wp-content\/uploads\/2026\/03\/30-Stue-1-300x200.jpg 300w, https:\/\/nyksundretreat.com\/wp-content\/uploads\/2026\/03\/30-Stue-1-1240x828.jpg 1240w, https:\/\/nyksundretreat.com\/wp-content\/uploads\/2026\/03\/30-Stue-1-768x513.jpg 768w, https:\/\/nyksundretreat.com\/wp-content\/uploads\/2026\/03\/30-Stue-1-1536x1025.jpg 1536w, https:\/\/nyksundretreat.com\/wp-content\/uploads\/2026\/03\/30-Stue-1-2048x1367.jpg 2048w\" sizes=\"auto, (max-width: 2560px) 100vw, 2560px\" \/><\/p>\n<p><img loading=\"lazy\" decoding=\"async\" class=\"aligncenter wp-image-6446 size-full\" src=\"https:\/\/nyksundretreat.com\/wp-content\/uploads\/2026\/03\/46-Soverom-1-2-3--scaled.jpg\" alt=\"\" width=\"2560\" height=\"1709\" srcset=\"https:\/\/nyksundretreat.com\/wp-content\/uploads\/2026\/03\/46-Soverom-1-2-3--scaled.jpg 2560w, https:\/\/nyksundretreat.com\/wp-content\/uploads\/2026\/03\/46-Soverom-1-2-3--300x200.jpg 300w, https:\/\/nyksundretreat.com\/wp-content\/uploads\/2026\/03\/46-Soverom-1-2-3--1240x828.jpg 1240w, https:\/\/nyksundretreat.com\/wp-content\/uploads\/2026\/03\/46-Soverom-1-2-3--768x513.jpg 768w, https:\/\/nyksundretreat.com\/wp-content\/uploads\/2026\/03\/46-Soverom-1-2-3--1536x1025.jpg 1536w, https:\/\/nyksundretreat.com\/wp-content\/uploads\/2026\/03\/46-Soverom-1-2-3--2048x1367.jpg 2048w\" sizes=\"auto, (max-width: 2560px) 100vw, 2560px\" \/><\/p>\n<p><a href=\"http:\/\/nyksundretreat.com\/wp-content\/uploads\/2015\/08\/2015-08-06-17-32-8661-K5II-3.jpg\"><img loading=\"lazy\" decoding=\"async\" class=\"aligncenter wp-image-1623 size-full\" src=\"https:\/\/nyksundretreat.com\/wp-content\/uploads\/2015\/08\/2015-08-06-17-32-8661-K5II-3.jpg\" alt=\"2015-08-06-17-32-8661-K5II-3\" width=\"1900\" height=\"1258\" srcset=\"https:\/\/nyksundretreat.com\/wp-content\/uploads\/2015\/08\/2015-08-06-17-32-8661-K5II-3.jpg 1900w, https:\/\/nyksundretreat.com\/wp-content\/uploads\/2015\/08\/2015-08-06-17-32-8661-K5II-3-300x198.jpg 300w, https:\/\/nyksundretreat.com\/wp-content\/uploads\/2015\/08\/2015-08-06-17-32-8661-K5II-3-1240x821.jpg 1240w\" sizes=\"auto, (max-width: 1900px) 100vw, 1900px\" \/><\/a><em>Living room in the Gallery Apartment<br \/>\n<\/em><\/p>\n<p><strong>\u00a0<\/strong><\/p>\n<p><\/p>","protected":false},"excerpt":{"rendered":"<p>The main building (150 m2) from 1881 contains 5 bedrooms \/ 12 beds, 2 bathrooms, 2 living rooms (including conference equipment, fireplace and piano), modern kitchen equipped for 20 guests, washing machine, drying cabinet, 3 terraces, etc. \u00abThe Old Bakery\u00bb (105m2) vis a vis from the 1930s, contains art gallery, meeting rooms and architectural office &hellip; <a href=\"https:\/\/nyksundretreat.com\/en\/aktuelle-arrangementer\/overnatting-priser\/\" class=\"more-link\">Continue reading <span class=\"screen-reader-text\">accommodation &#8211; short stay &#8211; holiday home<\/span> <span class=\"meta-nav\">&rarr;<\/span><\/a><\/p>\n","protected":false},"author":1,"featured_media":0,"parent":787,"menu_order":2,"comment_status":"closed","ping_status":"closed","template":"","meta":{"footnotes":""},"class_list":["post-1606","page","type-page","status-publish","hentry"],"_links":{"self":[{"href":"https:\/\/nyksundretreat.com\/en\/wp-json\/wp\/v2\/pages\/1606","targetHints":{"allow":["GET"]}}],"collection":[{"href":"https:\/\/nyksundretreat.com\/en\/wp-json\/wp\/v2\/pages"}],"about":[{"href":"https:\/\/nyksundretreat.com\/en\/wp-json\/wp\/v2\/types\/page"}],"author":[{"embeddable":true,"href":"https:\/\/nyksundretreat.com\/en\/wp-json\/wp\/v2\/users\/1"}],"replies":[{"embeddable":true,"href":"https:\/\/nyksundretreat.com\/en\/wp-json\/wp\/v2\/comments?post=1606"}],"version-history":[{"count":184,"href":"https:\/\/nyksundretreat.com\/en\/wp-json\/wp\/v2\/pages\/1606\/revisions"}],"predecessor-version":[{"id":6480,"href":"https:\/\/nyksundretreat.com\/en\/wp-json\/wp\/v2\/pages\/1606\/revisions\/6480"}],"up":[{"embeddable":true,"href":"https:\/\/nyksundretreat.com\/en\/wp-json\/wp\/v2\/pages\/787"}],"wp:attachment":[{"href":"https:\/\/nyksundretreat.com\/en\/wp-json\/wp\/v2\/media?parent=1606"}],"curies":[{"name":"wp","href":"https:\/\/api.w.org\/{rel}","templated":true}]}}